{"id":16965,"date":"2019-08-12T13:55:57","date_gmt":"2019-08-12T11:55:57","guid":{"rendered":"https:\/\/reservas2026.barcosenmenorca.com\/ma-reservation\/recuperation-du-code-de-reserve\/"},"modified":"2025-11-07T14:28:25","modified_gmt":"2025-11-07T12:28:25","slug":"recuperacion-de-reserva","status":"publish","type":"page","link":"https:\/\/barcosenmenorca.com\/fr\/ma-reserve\/recuperacion-de-reserva\/","title":{"rendered":"R\u00e9cup\u00e9ration du code de r\u00e9serve"},"content":{"rendered":"\n  <div class=\"banner has-hover bg-blur has-parallax\" id=\"banner-275318151\">\n          <div class=\"banner-inner fill\">\n        <div class=\"banner-bg fill\" data-parallax=\"-10\" data-parallax-container=\".banner\" data-parallax-background>\n                                    <div class=\"overlay\"><\/div>            \n                    <\/div>\n\t\t\n        <div class=\"banner-layers container\">\n            <div class=\"fill banner-link\"><\/div>            \n   <div id=\"text-box-968506560\" class=\"text-box banner-layer x50 md-x50 lg-x50 y50 md-y50 lg-y50 res-text\">\n              <div data-parallax=\"4\" data-parallax-fade=\"true\">                  <div class=\"text-box-content text dark text-shadow-3\">\n              \n              <div class=\"text-inner text-center\">\n                  \n<h4 class=\"uppercase\"><strong>R\u00e9cup\u00e9ration du code de r\u00e9servation<\/strong><\/h4>\n<p>Entrez les informations suivantes pour recevoir votre code de r\u00e9servation.<\/p>\n\t<div id=\"gap-1049631332\" class=\"gap-element clearfix\" style=\"display:block; height:auto;\">\n\t\t\n<style>\n#gap-1049631332 {\n  padding-top: 30px;\n}\n<\/style>\n\t<\/div>\n\t\n[contact-form-7 404 \"Not Found\"]\n<style>\n@media screen and (min-width: 850px) {<br \/>\n.text-box {<br \/>\nwidth: 50% !important;<br \/>\n}<br \/>\n}<br \/>\n<\/style>\n              <\/div>\n           <\/div>\n              <\/div>              \n<style>\n#text-box-968506560 {\n  width: 80%;\n}\n#text-box-968506560 .text-box-content {\n  font-size: 85%;\n}\n<\/style>\n    <\/div>\n \n        <\/div>\n      <\/div>\n\n            \n<style>\n#banner-275318151 {\n  padding-top: 470px;\n}\n#banner-275318151 .overlay {\n  background-color: rgba(0, 0, 0, 0.69);\n}\n@media (min-width:550px) {\n  #banner-275318151 .overlay {\n    background-color: rgba(0, 0, 0, 0.5);\n  }\n}\n<\/style>\n  <\/div>\n\n\n","protected":false},"excerpt":{"rendered":"","protected":false},"author":1,"featured_media":0,"parent":16962,"menu_order":0,"comment_status":"closed","ping_status":"closed","template":"page-transparent-header.php","meta":{"_acf_changed":false,"footnotes":""},"class_list":["post-16965","page","type-page","status-publish","hentry"],"acf":[],"_links":{"self":[{"href":"https:\/\/barcosenmenorca.com\/fr\/wp-json\/wp\/v2\/pages\/16965","targetHints":{"allow":["GET"]}}],"collection":[{"href":"https:\/\/barcosenmenorca.com\/fr\/wp-json\/wp\/v2\/pages"}],"about":[{"href":"https:\/\/barcosenmenorca.com\/fr\/wp-json\/wp\/v2\/types\/page"}],"author":[{"embeddable":true,"href":"https:\/\/barcosenmenorca.com\/fr\/wp-json\/wp\/v2\/users\/1"}],"replies":[{"embeddable":true,"href":"https:\/\/barcosenmenorca.com\/fr\/wp-json\/wp\/v2\/comments?post=16965"}],"version-history":[{"count":6,"href":"https:\/\/barcosenmenorca.com\/fr\/wp-json\/wp\/v2\/pages\/16965\/revisions"}],"predecessor-version":[{"id":26862,"href":"https:\/\/barcosenmenorca.com\/fr\/wp-json\/wp\/v2\/pages\/16965\/revisions\/26862"}],"up":[{"embeddable":true,"href":"https:\/\/barcosenmenorca.com\/fr\/wp-json\/wp\/v2\/pages\/16962"}],"wp:attachment":[{"href":"https:\/\/barcosenmenorca.com\/fr\/wp-json\/wp\/v2\/media?parent=16965"}],"curies":[{"name":"wp","href":"https:\/\/api.w.org\/{rel}","templated":true}]}}