{"id":17095,"date":"2018-06-22T14:42:08","date_gmt":"2018-06-22T12:42:08","guid":{"rendered":"https:\/\/reservas2026.barcosenmenorca.com\/academie-nautique\/"},"modified":"2022-07-31T15:40:34","modified_gmt":"2022-07-31T13:40:34","slug":"academie-nautique","status":"publish","type":"page","link":"https:\/\/barcosenmenorca.com\/fr\/academie-nautique\/","title":{"rendered":"Acad\u00e9mie nautique"},"content":{"rendered":"\n  <div class=\"banner has-hover bg-blur\" id=\"banner-858349087\">\n          <div class=\"banner-inner fill\">\n        <div class=\"banner-bg fill\" >\n            <img decoding=\"async\" width=\"2560\" height=\"1701\" src=\"https:\/\/barcosenmenorca.com\/wp-content\/uploads\/2022\/07\/533a12fa8d4756dc47beb47053c884cc-scaled.jpeg\" class=\"bg attachment-original size-original\" alt=\"\" \/>                        <div class=\"overlay\"><\/div>            \n                    <\/div>\n\t\t\n        <div class=\"banner-layers container\">\n            <div class=\"fill banner-link\"><\/div>            \n   <div id=\"text-box-2039905415\" class=\"text-box banner-layer x50 md-x50 lg-x50 y50 md-y50 lg-y50 res-text\">\n                     <div data-animate=\"fadeInLeft\">           <div class=\"text-box-content text dark\">\n              \n              <div class=\"text-inner text-center\">\n                  \n<div class=\"row row-collapse\"  id=\"row-2031595930\">\n\n\t<div id=\"col-1206921024\" class=\"col small-12 large-12\"  >\n\t\t\t\t<div class=\"col-inner dark\"  >\n\t\t\t\n\t\t\t\n\t<div id=\"text-1058811051\" class=\"text\">\n\t\t\n<h1 class=\"uppercase\" style=\"text-align: center;\"><em><strong>Academia N\u00c1utica menorca<\/strong><\/em><\/h1>\n\t\t\n<style>\n#text-1058811051 {\n  font-size: 0.75rem;\n  line-height: 2.75;\n  text-align: left;\n  color: rgb(255,255,255);\n}\n#text-1058811051 > * {\n  color: rgb(255,255,255);\n}\n<\/style>\n\t<\/div>\n\t\n\t\t<\/div>\n\t\t\t\t\t<\/div>\n\n\t\n<\/div>\n              <\/div>\n           <\/div>\n       <\/div>                     \n<style>\n#text-box-2039905415 {\n  width: 90%;\n}\n#text-box-2039905415 .text-box-content {\n  font-size: 91%;\n}\n@media (min-width:550px) {\n  #text-box-2039905415 {\n    width: 60%;\n  }\n  #text-box-2039905415 .text-box-content {\n    font-size: 100%;\n  }\n}\n<\/style>\n    <\/div>\n \n        <\/div>\n      <\/div>\n\n            \n<style>\n#banner-858349087 {\n  padding-top: 135%;\n}\n#banner-858349087 .overlay {\n  background-color: rgba(0,0,0,.5);\n}\n#banner-858349087 .banner-bg img {\n  object-position: 80% 22%;\n}\n@media (min-width:550px) {\n  #banner-858349087 {\n    padding-top: 80%;\n  }\n}\n@media (min-width:850px) {\n  #banner-858349087 {\n    padding-top: 21%;\n  }\n}\n<\/style>\n  <\/div>\n\n\n<div class=\"row row-large row-full-width\"  id=\"row-834529979\">\n\n\t<div id=\"col-1928622495\" class=\"col medium-3 small-12 large-3\"  >\n\t\t\t\t<div class=\"col-inner\"  >\n\t\t\t\n\t\t\t\n\t\t<\/div>\n\t\t\t\t\t<\/div>\n\n\t\n\n\t<div id=\"col-1117014415\" class=\"col medium-6 small-12 large-6\"  >\n\t\t\t\t<div class=\"col-inner\"  >\n\t\t\t\n\t\t\t\n<h2 style=\"text-align: center;\">Obtenez avec nous le permis de navigation officiel (LN) en quelques heures et amusez-vous avec l&rsquo;exp\u00e9rience que nous vous proposons !<\/h2>\n\t\t<\/div>\n\t\t\t\t\t<\/div>\n\n\t\n<\/div>\n<div class=\"row\"  id=\"row-116325336\">\n\n\t<div id=\"col-1907267223\" class=\"col small-12 large-12\"  >\n\t\t\t\t<div class=\"col-inner\"  >\n\t\t\t\n\t\t\t\n\t\t<\/div>\n\t\t\t\t\t<\/div>\n\n\t\n<\/div>\n<div class=\"row\"  id=\"row-1063842282\">\n\n\t<div id=\"col-1111005083\" class=\"col medium-6 small-12 large-6\"  >\n\t\t\t\t<div class=\"col-inner\"  >\n\t\t\t\n\t\t\t\n<h5 class=\"thin-font\"><span style=\"font-size: 90%;\"><strong>Nous proposons un plan pour devenir un capitaine ou un pirate officiel avec deux exp\u00e9riences possibles :<\/strong><\/span><\/h5>\n<\/p>\n<p><span style=\"font-size: 90%;\">&#8211; EXP\u00c9RIENCE 1 : R\u00e9servez le \u00a0\u00bbLunamar\u00a0\u00bb (notre navire-\u00e9cole) avec le \u00a0\u00bbSkipper\u00a0\u00bb en suppl\u00e9ment. Ainsi, vous pourrez obtenir le titre apr\u00e8s une journ\u00e9e de navigation et d&rsquo;apprentissage de la mer.  <\/span><\/p>\n<\/p>\n<p><span style=\"font-size: 90%;\">&#8211; EXPERIENCE 2 : Nous vous offrons la possibilit\u00e9 de suivre un cours intensif de 4 heures pour 150\u20ac\/personne jusqu&rsquo;\u00e0 un maximum de 5 personnes. Et les r\u00e9sidents pour 240 \u20ac pour le voyage complet<b>, <\/b>jusqu&rsquo;\u00e0 un maximum de 5 personnes peuvent participer \u00e0 ce voyage. Vous serez accompagn\u00e9 par l&rsquo;un de nos meilleurs skippers et il vous apprendra \u00e0 naviguer.<\/span><\/p>\n\t\t<\/div>\n\t\t\t\t\t<\/div>\n\n\t\n\n\t<div id=\"col-287449123\" class=\"col medium-6 small-12 large-6\"  >\n\t\t\t\t<div class=\"col-inner\"  >\n\t\t\t\n\t\t\t\n\t<div class=\"img has-hover x md-x lg-x y md-y lg-y\" id=\"image_1211371267\">\n\t\t\t\t\t\t\t\t<div class=\"img-inner dark\" >\n\t\t\t\t\t\t\t\t\t\n\t\t\t\t\t<\/div>\n\t\t\t\t\t\t\t\t\n<style>\n#image_1211371267 {\n  width: 100%;\n}\n<\/style>\n\t<\/div>\n\t\n\t\t<\/div>\n\t\t\t\t\t<\/div>\n\n\t\n<\/div>\n<div class=\"row row-full-width\"  id=\"row-2133166044\">\n<\/div>\n<div class=\"row row-full-width\"  id=\"row-1295279762\">\n\n\t<div id=\"col-354768802\" class=\"col small-12 large-12\"  >\n\t\t\t\t<div class=\"col-inner\"  >\n\t\t\t\n\t\t\t\n\n  <div class=\"banner has-hover bg-blur\" id=\"banner-1858779303\">\n          <div class=\"banner-inner fill\">\n        <div class=\"banner-bg fill\" >\n            <img decoding=\"async\" width=\"1020\" height=\"765\" src=\"https:\/\/barcosenmenorca.com\/wp-content\/uploads\/2018\/06\/island-1024x768.jpg\" class=\"bg attachment-large size-large\" alt=\"\" \/>                        <div class=\"overlay\"><\/div>            \n                    <\/div>\n\t\t\n        <div class=\"banner-layers container\">\n            <div class=\"fill banner-link\"><\/div>            \n   <div id=\"text-box-845045559\" class=\"text-box banner-layer x50 md-x50 lg-x50 y50 md-y50 lg-y50 res-text\">\n                                <div class=\"text-box-content text dark\">\n              \n              <div class=\"text-inner text-center\">\n                  \n\t<div id=\"text-2930788231\" class=\"text\">\n\t\t\n<h2 style=\"text-align: center;\"><strong>Permis de navigation (LN)<\/strong><\/h2>\n\t\t\n<style>\n#text-2930788231 {\n  font-size: 0.75rem;\n}\n<\/style>\n\t<\/div>\n\t\n\t<div id=\"text-3911793347\" class=\"text\">\n\t\t\n<div class=\"row\">\n<div class=\"column-container col-sm-12\">\n<div class=\"column-text\">\n<h4><span style=\"font-size: 85%;\">Obtenez en une journ\u00e9e votre permis de navigation, qui vous permettra de diriger des bateaux \u00e0 voile et \u00e0 moteur d&rsquo;une longueur maximale de 6 m\u00e8tres, en navigation de jour, sans vous \u00e9loigner de plus de 2 milles d&rsquo;un port et avec la puissance appropri\u00e9e au bateau (jusqu&rsquo;\u00e0 55 cv dans le cas de la conduite de jet skis de classe C).<\/span><\/h4>\n<\/div>\n<div class=\"column-text\">\n<h4><span style=\"font-size: 80%;\">Consultez le programme de la th\u00e9orie et des pratiques :<\/span><br \/><span style=\"font-size: 80%;\">Au cours des deux heures de th\u00e9orie, des connaissances seront transmises sur&nbsp;:<\/span><\/h4>\n<ul>\n<li><span style=\"font-size: 110%;\">Limitations \u00e0 la navigation sur les plages non balis\u00e9es et balis\u00e9es et leurs chenaux d&rsquo;acc\u00e8s.<\/span><\/li>\n<li><span style=\"font-size: 110%;\">R\u00e8glement concernant le trafic maritime et la navigation int\u00e9rieure dans les ports.<\/span><\/li>\n<li><span style=\"font-size: 110%;\">Balisage : Marques lat\u00e9rales de la r\u00e9gion A.<\/span><\/li>\n<li><span style=\"font-size: 110%;\">Stabilit\u00e9 : Gouvernement pour \u00e9viter les balancements et les t\u00eates et importance de ne pas traverser la mer.<\/span><\/li>\n<li><span style=\"font-size: 110%;\">R\u00e8gles 4 \u00e0 8, 11 \u00e0 19 et 37, route et signaux de direction et de danger, du R\u00e8glement international pour pr\u00e9venir les abordages<\/span><\/li>\n<li><span style=\"font-size: 110%;\">Notions de base pour l&rsquo;utilisation d&rsquo;une station de radio VHF portable, limit\u00e9e au canal 16, utilisation en cas d&rsquo;urgence et communications courantes de base, ainsi que comment contacter Salvamento Mar\u00edtimo (canal 16 et num\u00e9ros de t\u00e9l\u00e9phone 112 et 900 202 202).<\/span><\/li>\n<li><span style=\"font-size: 110%;\">Les formations suivantes seront dispens\u00e9es dans les pratiques de 4 heures : S\u00e9curit\u00e9 et v\u00e9rifications avant de prendre la mer ; moteurs; gestion des cordages et des n\u0153uds de base ; man\u0153uvres au port; ancrage; man\u0153uvres de s\u00e9curit\u00e9.<\/span><\/li>\n<\/ul>\n<\/div>\n<\/div>\n<\/div>\n<div class=\"row\"> <\/div>\n\t\t\n<style>\n#text-3911793347 {\n  text-align: left;\n}\n<\/style>\n\t<\/div>\n\t\n              <\/div>\n           <\/div>\n                            \n<style>\n#text-box-845045559 {\n  width: 100%;\n}\n#text-box-845045559 .text-box-content {\n  font-size: 100%;\n}\n<\/style>\n    <\/div>\n \n        <\/div>\n      <\/div>\n\n            \n<style>\n#banner-1858779303 {\n  padding-top: 97%;\n}\n#banner-1858779303 .overlay {\n  background-color: rgba(0, 0, 0, 0.44);\n}\n@media (min-width:550px) {\n  #banner-1858779303 {\n    padding-top: 50%;\n  }\n}\n@media (min-width:850px) {\n  #banner-1858779303 {\n    padding-top: 45%;\n  }\n}\n<\/style>\n  <\/div>\n\n\n\t\t<\/div>\n\t\t\t\t\t<\/div>\n\n\t\n<\/div>\n<div class=\"row row-full-width\"  id=\"row-1176655512\">\n\n\t<div id=\"col-1072506498\" class=\"col medium-2 small-12 large-2\"  >\n\t\t\t\t<div class=\"col-inner\"  >\n\t\t\t\n\t\t\t\n\t\t<\/div>\n\t\t\t\t\t<\/div>\n\n\t\n\n\t<div id=\"col-572105363\" class=\"col medium-9 small-12 large-9\"  >\n\t\t\t\t<div class=\"col-inner\"  >\n\t\t\t\n\t\t\t\n\n\t<section class=\"section\" id=\"section_477577474\">\n\t\t<div class=\"section-bg fill\" >\n\t\t\t\t\t\t\t\t\t\n\t\t\t\n\n\t\t<\/div>\n\n\t\t\n\n\t\t<div class=\"section-content relative\">\n\t\t\t\n\t\t<\/div>\n\n\t\t\n<style>\n#section_477577474 {\n  padding-top: 30px;\n  padding-bottom: 30px;\n}\n<\/style>\n\t<\/section>\n\t\n\t\t<\/div>\n\t\t\t\t\n<style>\n#col-572105363 > .col-inner {\n  margin: 0px 0px 0px 15px;\n}\n<\/style>\n\t<\/div>\n\n\t\n\n\t<div id=\"col-2026836087\" class=\"col medium-2 small-12 large-2\"  >\n\t\t\t\t<div class=\"col-inner\"  >\n\t\t\t\n\t\t\t\n\t\t<\/div>\n\t\t\t\t\t<\/div>\n\n\t\n\n\t<div id=\"col-519038137\" class=\"col medium-9 small-12 large-9\"  >\n\t\t\t\t<div class=\"col-inner\"  >\n\t\t\t\n\t\t\t\n<h2 style=\"text-align: center;\"><strong>LE CONTENU DES COURS<\/strong><\/h2>\n\t\t<\/div>\n\t\t\t\t\t<\/div>\n\n\t\n\n\t<div id=\"col-1025857616\" class=\"col medium-2 small-12 large-2\"  >\n\t\t\t\t<div class=\"col-inner\"  >\n\t\t\t\n\t\t\t\n\t\t<\/div>\n\t\t\t\t\t<\/div>\n\n\t\n\n\t<div id=\"col-2004137581\" class=\"col medium-4 small-12 large-4\"  >\n\t\t\t\t<div class=\"col-inner\"  >\n\t\t\t\n\t\t\t\n<h4><strong>1. S\u00e9curit\u00e9 et contr\u00f4les avant de prendre la mer :<\/strong><\/h4>\n<ul>\n<li>Utilisation du gilet de sauvetage et reconnaissance de ses \u00e9l\u00e9ments. Importance de son ajustement et de son placement. Fus\u00e9es \u00e0 main, pr\u00e9cautions de manipulation et explication de leur utilisation. Gestion de la corne de brume et de l&rsquo;h\u00e9liographe. La pompe de cale. La trousse de secours de bord et son contenu.<\/li>\n<li>Passez en revue les points critiques du bateau : robinets de fond, klaxon, verrou de gouvernail, hublots et autres ouvertures dans la coque. V\u00e9rifications avant de prendre la mer : \u00e9tat g\u00e9n\u00e9ral du bateau, cale, v\u00e9rification des vides, niveau de carburant, eau potable, charge des batteries. V\u00e9rification du nombre maximum de personnes \u00e0 bord et de la validit\u00e9 des \u00e9l\u00e9ments de s\u00e9curit\u00e9.<\/li>\n<\/ul>\n\t\t<\/div>\n\t\t\t\t\t<\/div>\n\n\t\n\n\t<div id=\"col-103047738\" class=\"col medium-1 small-12 large-1\"  >\n\t\t\t\t<div class=\"col-inner\"  >\n\t\t\t\n\t\t\t\n\t\t<\/div>\n\t\t\t\t\t<\/div>\n\n\t\n\n\t<div id=\"col-799201639\" class=\"col medium-4 small-12 large-4\"  >\n\t\t\t\t<div class=\"col-inner\"  >\n\t\t\t\n\t\t\t\n<h4><strong>2. Moteurs<\/strong><\/h4>\n<ul>\n<li>Moteurs hors-bord : particularit\u00e9s et pr\u00e9cautions de manipulation. Contr\u00f4les avant le d\u00e9marrage du moteur : absence d&rsquo;atmosph\u00e8res explosives, niveaux, point mort et charge de la batterie de d\u00e9marrage. Alarme chauffage et niveau fioul. V\u00e9rifications du fonctionnement de la pompe de d\u00e9marrage et de refroidissement du moteur, couleur de la fum\u00e9e d&rsquo;\u00e9chappement et bruit du moteur, syst\u00e8mes d&rsquo;homme \u00e0 la mer.<\/li>\n<li>Propulsion par jet : caract\u00e9ristiques, acc\u00e9l\u00e9rateur de d\u00e9clenchement et pr\u00e9cautions pour la zone de la pompe et de la buse (blessures corporelles possibles).<\/li>\n<\/ul>\n\t\t<\/div>\n\t\t\t\t\t<\/div>\n\n\t\n\n\t<div id=\"col-1213887415\" class=\"col medium-2 small-12 large-2\"  >\n\t\t\t\t<div class=\"col-inner\"  >\n\t\t\t\n\t\t\t\n\t\t<\/div>\n\t\t\t\t\t<\/div>\n\n\t\n\n\t<div id=\"col-458200018\" class=\"col medium-4 small-12 large-4\"  >\n\t\t\t\t<div class=\"col-inner\"  >\n\t\t\t\n\t\t\t\n<h4><strong>3. Corde<\/strong><\/h4>\n<p>Pr\u00e9cautions d&#8217;emploi des cordes. Noeuds de base : attelage, bouline, clou de girofle. Explication de ses utilisations. Fa\u00e7on de faire une corde ferme dans des bollards et des taquets.<\/p>\n\t\t<\/div>\n\t\t\t\t\t<\/div>\n\n\t\n\n\t<div id=\"col-139370276\" class=\"col medium-1 small-12 large-1\"  >\n\t\t\t\t<div class=\"col-inner\"  >\n\t\t\t\n\t\t\t\n\t\t<\/div>\n\t\t\t\t\t<\/div>\n\n\t\n\n\t<div id=\"col-561377235\" class=\"col medium-4 small-12 large-4\"  >\n\t\t\t\t<div class=\"col-inner\"  >\n\t\t\t\n\t\t\t\n<h4><strong>4. Man\u0153uvres<\/strong><\/h4>\n<ul>\n<li>Pr\u00e9cautions avant de quitter le mouillage : autres bateaux, obstacles ou cordages dans l&rsquo;eau. Man\u0153uvre de d\u00e9samarrage en fonction du vent et du courant. Effets de la rotation de l&rsquo;h\u00e9lice sur la man\u0153uvre. \u00c9volution aller-retour. Ciaboga. Courbe d&rsquo;\u00e9volution. Vitesse de s\u00e9curit\u00e9. Angles de vision et man\u0153uvres aux extr\u00e9mit\u00e9s des jet\u00e9es et autres endroits sans visibilit\u00e9.<\/li>\n<li>Reconnaissance des points d&rsquo;amarrage \u00e0 terre. Pr\u00e9paration des amarres \u00e0 bord. Placer des d\u00e9fenses et des pr\u00e9cautions \u00e0 l&rsquo;approche. Approche d&rsquo;amarrage. Crochet utilise. J&rsquo;utilise des mouillages : longueurs, travers\u00e9es et sprints. Mode d&rsquo;amarrage aux taquets, bollards et anneaux. Fonction d&rsquo;amarrage du vent et du courant.<\/li>\n<\/ul>\n\t\t<\/div>\n\t\t\t\t\t<\/div>\n\n\t\n\n\t<div id=\"col-1383206758\" class=\"col medium-2 small-12 large-2\"  >\n\t\t\t\t<div class=\"col-inner\"  >\n\t\t\t\n\t\t\t\n\t\t<\/div>\n\t\t\t\t\t<\/div>\n\n\t\n\n\t<div id=\"col-353538629\" class=\"col medium-4 small-12 large-4\"  >\n\t\t\t\t<div class=\"col-inner\"  >\n\t\t\t\n\t\t\t\n<h4><strong>5. Financement<\/strong><\/h4>\n<p>Facteurs de choix du mouillage : abri, vent, courant et bifurcation. Mouillages de sable, vase et gravier, particularit\u00e9s. Longueur de cha\u00eene en fonction du fond et des conditions de mer et de vent. Rendre l&rsquo;ancre ferme. Peser. \u2013 Pr\u00e9cautions avec les baigneurs et les plongeurs : A l&rsquo;approche et \u00e0 la sortie du mouillage, lors du d\u00e9marrage du moteur au mouillage.<\/p>\n\t\t<\/div>\n\t\t\t\t\t<\/div>\n\n\t\n\n\t<div id=\"col-1887191026\" class=\"col medium-1 small-12 large-1\"  >\n\t\t\t\t<div class=\"col-inner\"  >\n\t\t\t\n\t\t\t\n\t\t<\/div>\n\t\t\t\t\t<\/div>\n\n\t\n\n\t<div id=\"col-2073989237\" class=\"col medium-4 small-12 large-4\"  >\n\t\t\t\t<div class=\"col-inner\"  >\n\t\t\t\n\t\t\t\n<h4><strong>6. Man\u0153uvres de s\u00e9curit\u00e9<\/strong><\/h4>\n<p>Identification des diff\u00e9rents risques de chute en mer. Comment proc\u00e9der en cas d&rsquo;homme \u00e0 la mer.<\/p>\n\t\t<\/div>\n\t\t\t\t\t<\/div>\n\n\t\n<\/div>\n\n\t<section class=\"section\" id=\"section_38118839\">\n\t\t<div class=\"section-bg fill\" >\n\t\t\t\t\t\t\t\t\t\n\t\t\t\n\n\t\t<\/div>\n\n\t\t\n\n\t\t<div class=\"section-content relative\">\n\t\t\t\n\t\t<\/div>\n\n\t\t\n<style>\n#section_38118839 {\n  padding-top: 30px;\n  padding-bottom: 30px;\n}\n<\/style>\n\t<\/section>\n\t\n","protected":false},"excerpt":{"rendered":"","protected":false},"author":1,"featured_media":0,"parent":0,"menu_order":0,"comment_status":"closed","ping_status":"closed","template":"page-transparent-header-light.php","meta":{"_acf_changed":false,"footnotes":""},"class_list":["post-17095","page","type-page","status-publish","hentry"],"acf":[],"_links":{"self":[{"href":"https:\/\/barcosenmenorca.com\/fr\/wp-json\/wp\/v2\/pages\/17095","targetHints":{"allow":["GET"]}}],"collection":[{"href":"https:\/\/barcosenmenorca.com\/fr\/wp-json\/wp\/v2\/pages"}],"about":[{"href":"https:\/\/barcosenmenorca.com\/fr\/wp-json\/wp\/v2\/types\/page"}],"author":[{"embeddable":true,"href":"https:\/\/barcosenmenorca.com\/fr\/wp-json\/wp\/v2\/users\/1"}],"replies":[{"embeddable":true,"href":"https:\/\/barcosenmenorca.com\/fr\/wp-json\/wp\/v2\/comments?post=17095"}],"version-history":[{"count":3,"href":"https:\/\/barcosenmenorca.com\/fr\/wp-json\/wp\/v2\/pages\/17095\/revisions"}],"predecessor-version":[{"id":20423,"href":"https:\/\/barcosenmenorca.com\/fr\/wp-json\/wp\/v2\/pages\/17095\/revisions\/20423"}],"wp:attachment":[{"href":"https:\/\/barcosenmenorca.com\/fr\/wp-json\/wp\/v2\/media?parent=17095"}],"curies":[{"name":"wp","href":"https:\/\/api.w.org\/{rel}","templated":true}]}}