{"id":20486,"date":"2022-07-25T09:42:10","date_gmt":"2022-07-25T07:42:10","guid":{"rendered":"https:\/\/reservas2026.barcosenmenorca.com\/visite-musee-hauser-wirth\/"},"modified":"2022-08-01T10:21:44","modified_gmt":"2022-08-01T08:21:44","slug":"visite-musee-hauser-wirth","status":"publish","type":"page","link":"https:\/\/barcosenmenorca.com\/fr\/visite-musee-hauser-wirth\/","title":{"rendered":"Visite du mus\u00e9e Hauser &amp; Wirth"},"content":{"rendered":"<div class=\"row align-center\"  id=\"row-2071446493\">\n\n\t<div id=\"col-1919691139\" class=\"col medium-1 small-2 large-1\"  >\n\t\t\t\t<div class=\"col-inner\"  >\n\t\t\t\n\t\t\t\n\t<div class=\"box has-hover   has-hover box-text-bottom\" >\n\n\t\t<div class=\"box-image\" >\n\t\t\t\t\t\t<div class=\"\" >\n\t\t\t\t<img decoding=\"async\" width=\"90\" height=\"90\" src=\"https:\/\/barcosenmenorca.com\/wp-content\/uploads\/2019\/01\/numero-personas.png\" class=\"attachment- size-\" alt=\"\" \/>\t\t\t\t\t\t\t\t\t\t\t<\/div>\n\t\t\t\t\t<\/div>\n\n\t\t<div class=\"box-text text-center is-small\" style=\"padding:01px 0px 0px 0px;\">\n\t\t\t<div class=\"box-text-inner\">\n\t\t\t\t\n<h4 style=\"text-align: center;\">7<\/h4>\n\t\t\t<\/div>\n\t\t<\/div>\n\t<\/div>\n\t\n\t\t<\/div>\n\t\t\t\t\n<style>\n#col-1919691139 > .col-inner {\n  max-width: 50px;\n}\n<\/style>\n\t<\/div>\n\n\t\n\n\t<div id=\"col-1323709819\" class=\"col medium-1 small-2 large-1\"  >\n\t\t\t\t<div class=\"col-inner\"  >\n\t\t\t\n\t\t\t\n\t<div class=\"box has-hover   has-hover box-text-bottom\" >\n\n\t\t<div class=\"box-image\" >\n\t\t\t\t\t\t<div class=\"\" >\n\t\t\t\t<img decoding=\"async\" width=\"90\" height=\"90\" src=\"https:\/\/barcosenmenorca.com\/wp-content\/uploads\/2019\/01\/puerto.png\" class=\"attachment- size-\" alt=\"\" \/>\t\t\t\t\t\t\t\t\t\t\t<\/div>\n\t\t\t\t\t<\/div>\n\n\t\t<div class=\"box-text text-center is-small\" style=\"padding:0 0px 0px 0px;\">\n\t\t\t<div class=\"box-text-inner\">\n\t\t\t\t\n<h4 style=\"text-align: center;\">Mahon<\/h4>\n\t\t\t<\/div>\n\t\t<\/div>\n\t<\/div>\n\t\n\t\t<\/div>\n\t\t\t\t\n<style>\n#col-1323709819 > .col-inner {\n  max-width: 50px;\n}\n<\/style>\n\t<\/div>\n\n\t\n<\/div>\n<div class=\"row\"  id=\"row-174498418\">\n\n\t<div id=\"col-961463794\" class=\"col medium-6 small-12 large-6\"  >\n\t\t\t\t<div class=\"col-inner\"  >\n\t\t\t\n\t\t\t\nL'identifiant du curseur n'est pas valide. L'identifiant du curseur principal doit \u00eatre un num\u00e9ro valide. \n\t\t<\/div>\n\t\t\t\t\t<\/div>\n\n\t\n\n\t<div id=\"col-614562512\" class=\"col medium-6 small-12 large-6\"  >\n\t\t\t\t<div class=\"col-inner\"  >\n\t\t\t\n\t\t\t\n<div class=\"video video-fit mb\" style=\"padding-top:56.25%;\"><p><iframe title=\"The Making of Hauser &amp; Wirth Menorca\" width=\"1020\" height=\"574\" src=\"https:\/\/www.youtube.com\/embed\/-GF3kN4fzRA?feature=oembed\" frameborder=\"0\" allow=\"accelerometer; autoplay; clipboard-write; encrypted-media; gyroscope; picture-in-picture\" allowfullscreen><\/iframe><\/p>\n<\/div>\n\t\t<\/div>\n\t\t\t\t\t<\/div>\n\n\t\n<\/div>\n<div class=\"row\"  id=\"row-1225285464\">\n\n\t<div id=\"col-349870025\" class=\"col medium-6 small-12 large-6\"  >\n\t\t\t\t<div class=\"col-inner\"  >\n\t\t\t\n\t\t\t <script type=\"text\/javascript\">\r\n                if (document.getElementById('submiting56') !== null)\r\n                    document.getElementById('submiting56').innerHTML = 'Error during searching this booking resources<br \/><span style=\"font-size:11px;\"> [F:\/multiuser.php| L:1066|V:2.1.17| DB:] <\/span>';\r\n            <\/script> \n<h4><b>Visite en skipper du mus\u00e9e Hauser &amp; Wirth<\/b><\/h4>\n<div class='wpbc_only_calendar wpbc_container'><div id='calendar_booking_unselectable56'><\/div><span ><div style=\"clear:both;height:10px;\"><\/div><div class=\"wpbc_calendar_wraper\"><div class=\"wpbc_cal_container bk_calendar_frame months_num_in_row_ cal_month_num_1\" style=\"width:100%;max-width:100%;\"><div id=\"calendar_booking56\"  class=\"wpbc_calendar_id_56\" >\t<style id=\"wpbc_calendar_loader_inline_css\">\r\n\t\t\/* Critical loader styles (scoped by class names) *\/\r\n\t\t.calendar_loader_frame {\r\n\t\t\twidth: calc(341px * var(--wpbc-loader-cols, 1));\r\n\t\t\tmax-width: 100%;\r\n\t\t\theight: 307px;\r\n\t\t\tdisplay: flex;\r\n\t\t\tflex-flow: column nowrap;\r\n\t\t\talign-items: center;\r\n\t\t\tjustify-content: center;\r\n\t\t\tborder-radius: 5px;\r\n\t\t\tbox-shadow: 0 0 2px #ccc;\r\n\t\t\tgap: 15px;\r\n\t\t\t\/* Calendar variables (safe fallbacks) *\/\r\n\t\t\tcolor: var(--wpbc_cal-available-text-color, #2c3e50);\r\n\t\t\tbackground: rgb(from var(--wpbc_cal-available-day-color, #e6f2ff) r g b \/ var(--wpbc_cal-day-bg-color-opacity, 1));\r\n\t\t\tborder: var(--wpbc_cal-day-cell-border-width, 1px) solid var(--wpbc_cal-available-day-color, #aacbeb);\r\n\t\t}\r\n\t\t.calendar_loader_text {\r\n\t\t\tfont-size: 18px;\r\n\t\t\ttext-align: center;\r\n\t\t}\r\n\t\t.calendar_loader_frame__progress_line_container {\r\n\t\t\twidth: 50%;\r\n\t\t\theight: 3px;\r\n\t\t\tmargin-top: 7px;\r\n\t\t\toverflow: hidden;\r\n\t\t\tbackground: #202020;\r\n\t\t\tborder-radius: 30px;\r\n\t\t}\r\n\t\t.calendar_loader_frame__progress_line {\r\n\t\t\twidth: 0%;\r\n\t\t\theight: 3px;\r\n\t\t\tbackground: #8ECE01;\r\n\t\t\tborder-radius: 30px;\r\n\t\t\tanimation: calendar_loader_bar_progress 3s infinite linear;\r\n\t\t}\r\n\t\t@keyframes calendar_loader_bar_progress {\r\n\t\t\tto {\r\n\t\t\t\twidth: 100%;\r\n\t\t\t}\r\n\t\t}\r\n\t\t@media (prefers-reduced-motion: reduce) {\r\n\t\t\t.calendar_loader_frame__progress_line {\r\n\t\t\t\tanimation: none;\r\n\t\t\t\twidth: 50%;\r\n\t\t\t}\r\n\t\t}\r\n\t<\/style>\r\n\t\t<div class=\"calendar_loader_frame calendar_loader_frame56\"\r\n\t\tdata-wpbc-rid=\"56\"\r\n\t\tdata-wpbc-grace=\"8000\"\r\n\t\tstyle=\"--wpbc-loader-cols: 1;\"\r\n\t>\r\n\t\t<div class=\"calendar_loader_text\">Loading...<\/div>\r\n\t\t<div class=\"calendar_loader_frame__progress_line_container\">\r\n\t\t\t<div class=\"calendar_loader_frame__progress_line\"><\/div>\r\n\t\t<\/div>\r\n\t<\/div>\r\n\t<\/div><\/div><textarea id=\"date_booking56\" name=\"date_booking56\" autocomplete=\"off\" style=\"display:none;\"><\/textarea><div class=\"block_hints datepick \"><div class=\"wpdev_hint_with_text\"><div class=\"\"><div class=\"datepick-inline wpbc_calendar_legend_table_width_height\"><table class=\"datepick wpbc_calendar\" style=\"\"><tbody><tr><td class=\"datepick-days-cell date_available wpbc_calendar_legend_day_cell_height\"><div class=\"wpbc-cell-box\">\t<div class=\"date-cell-content\">\t\t<div class=\"date-content-top\"><\/div>\t\t<a>04<\/a>\t\t<div class=\"date-content-bottom\"><\/div>\t<\/div><\/div><\/td><\/tr><\/tbody><\/table><\/div><\/div><div class=\"block_text\">- <\/div><div class=\"block_text\">Available<\/div><\/div><div class=\"wpdev_hint_with_text\"><div class=\"\"><div class=\"datepick-inline wpbc_calendar_legend_table_width_height\"><table class=\"datepick wpbc_calendar\" style=\"\"><tbody><tr><td class=\"datepick-days-cell datepick-unselectable date_user_unavailable full_day_booking date_approved wpbc_calendar_legend_day_cell_height\"><div class=\"wpbc-cell-box\">\t<div class=\"date-cell-content\">\t\t<div class=\"date-content-top\"><\/div>\t\t<span>04<\/span>\t\t<div class=\"date-content-bottom\"><\/div>\t<\/div><\/div><\/td><\/tr><\/tbody><\/table><\/div><\/div><div class=\"block_text\">- <\/div><div class=\"block_text\">Booked<\/div><\/div><\/div><\/div> <script type=\"text\/javascript\"> (function() { var a = setInterval( function() {  if ( ( 'undefined' === typeof _wpbc ) || ( 'undefined' === typeof jQuery ) || ! window.jQuery ) { return; } clearInterval( a ); jQuery( document ).ready( function (){ _wpbc.balancer__set_max_threads( 3 );  _wpbc.calendar__set_param_value( 56 , 'calendar_scroll_to' , [ 2022,7 ] );  _wpbc.calendar__set_param_value( 56 , 'calendar_dates_start' , '' );  _wpbc.calendar__set_param_value( 56 , 'calendar_dates_end' , '' );  _wpbc.calendar__set_param_value( 56 , 'booking_max_monthes_in_calendar' , '1y' );  _wpbc.calendar__set_param_value( 56 , 'booking_start_day_weeek' , '1' );  _wpbc.calendar__set_param_value( 56 , 'calendar_number_of_months' , '1' );   _wpbc.calendar__set_param_value( 56, 'days_select_mode', 'multiple' );   _wpbc.calendar__set_param_value( 56, 'fixed__days_num', 1 );   _wpbc.calendar__set_param_value( 56, 'fixed__week_days__start',   [-1] );   _wpbc.calendar__set_param_value( 56, 'dynamic__days_min', 1 );   _wpbc.calendar__set_param_value( 56, 'dynamic__days_max', 30 );   _wpbc.calendar__set_param_value( 56, 'dynamic__days_specific',    [] );   _wpbc.calendar__set_param_value( 56, 'dynamic__week_days__start', [-1] );   _wpbc.calendar__set_param_value( 56, 'booking_date_format', 'Y-m-d' );   _wpbc.calendar__set_param_value( 56, 'booking_time_format', 'H:i' );  _wpbc.calendar__set_param_value( 56 , 'is_parent_resource' , 0 );  _wpbc.calendar__set_param_value( 56 , 'booking_capacity_field' , '' );  _wpbc.calendar__set_param_value( 56 , 'booking_is_dissbale_booking_for_different_sub_resources' , 'Off' );  _wpbc.calendar__set_param_value( 56 , 'booking_recurrent_time' , 'On' );   if ( 'function' === typeof ( wpbc__conditions__SAVE_INITIAL__days_selection_params__bm ) ){ wpbc__conditions__SAVE_INITIAL__days_selection_params__bm( 56 ); }   _wpbc.calendar__set_param_value( 56, 'conditions', [] );   _wpbc.seasons__set( 56, [] );   wpbc_calendar_show( '56' );   _wpbc.set_secure_param( 'nonce',   'd4a2170bf7' );   _wpbc.set_secure_param( 'user_id', '0' );   _wpbc.set_secure_param( 'locale',  'fr_FR' );  wpbc_calendar__load_data__ajx( {\"resource_id\":56,\"booking_hash\":\"\",\"request_uri\":\"\\\/fr\\\/wp-json\\\/wp\\\/v2\\\/pages\\\/20486\",\"custom_form\":\"standard\",\"aggregate_resource_id_str\":\"\",\"aggregate_type\":\"all\"} ); } ); }, 500 ); })();<\/script><\/span><\/div>\n\t\t<\/div>\n\t\t\t\t\t<\/div>\n\n\t\n\n\t<div id=\"col-2007762804\" class=\"col medium-6 small-12 large-6\"  >\n\t\t\t\t<div class=\"col-inner\"  >\n\t\t\t\n\t\t\t\nBooking resource does not exist. [ID=56]\n\t\t<\/div>\n\t\t\t\t\t<\/div>\n\n\t\n<\/div>\n<div class=\"row\"  id=\"row-633750493\">\n<\/div>\n<div class=\"row\"  id=\"row-895025314\">\n\n\t<div id=\"col-997331090\" class=\"col small-12 large-12\"  >\n\t\t\t\t<div class=\"col-inner\"  >\n\t\t\t\n\t\t\t\n<p>La galerie Hauser &amp; Wirth sur <strong>King&rsquo;s Island<\/strong>?<\/p>\n<p>Depuis <strong>MenorcaMar &amp; Charter<\/strong> nous offrons un service exclusif de transfert <strong>avec skipper<\/strong> pour des groupes allant jusqu&rsquo;\u00e0 <strong>7 passagers <\/strong>avec diff\u00e9rentes options :<\/p>\n<ul>\n<li>\n<p>Transfert de base<\/p>\n<\/li>\n<li>\n<p>Transfert et possibilit\u00e9 d&rsquo;observer le coucher de soleil depuis le bateau.<\/p>\n<\/li>\n<li>\n<p>Transfert et d\u00eener au restaurant<strong>\u00a0\u00bbLa Minerva<\/strong>\u00a0\u00bb.<\/p>\n<\/li>\n<\/ul>\n<p>Nous offrons \u00e9galement la possibilit\u00e9 de visiter l&rsquo;exposition en priv\u00e9 (veuillez consulter \u00e0 l&rsquo;avance).<\/p>\n<p>Profitez de l&rsquo;une des galeries d&rsquo;art les plus <strong>c\u00e9l\u00e8bres<\/strong> et les plus exclusives <strong>du monde<\/strong> avec <strong>Menorcamar &amp; Charter<\/strong>.<\/p>\n\t\t<\/div>\n\t\t\t\t\t<\/div>\n\n\t\n<\/div>\n","protected":false},"excerpt":{"rendered":"","protected":false},"author":2,"featured_media":0,"parent":0,"menu_order":0,"comment_status":"closed","ping_status":"closed","template":"","meta":{"_acf_changed":false,"footnotes":""},"class_list":["post-20486","page","type-page","status-publish","hentry"],"acf":[],"_links":{"self":[{"href":"https:\/\/barcosenmenorca.com\/fr\/wp-json\/wp\/v2\/pages\/20486","targetHints":{"allow":["GET"]}}],"collection":[{"href":"https:\/\/barcosenmenorca.com\/fr\/wp-json\/wp\/v2\/pages"}],"about":[{"href":"https:\/\/barcosenmenorca.com\/fr\/wp-json\/wp\/v2\/types\/page"}],"author":[{"embeddable":true,"href":"https:\/\/barcosenmenorca.com\/fr\/wp-json\/wp\/v2\/users\/2"}],"replies":[{"embeddable":true,"href":"https:\/\/barcosenmenorca.com\/fr\/wp-json\/wp\/v2\/comments?post=20486"}],"version-history":[{"count":2,"href":"https:\/\/barcosenmenorca.com\/fr\/wp-json\/wp\/v2\/pages\/20486\/revisions"}],"predecessor-version":[{"id":20489,"href":"https:\/\/barcosenmenorca.com\/fr\/wp-json\/wp\/v2\/pages\/20486\/revisions\/20489"}],"wp:attachment":[{"href":"https:\/\/barcosenmenorca.com\/fr\/wp-json\/wp\/v2\/media?parent=20486"}],"curies":[{"name":"wp","href":"https:\/\/api.w.org\/{rel}","templated":true}]}}