{"id":20576,"date":"2018-05-22T17:59:14","date_gmt":"2018-05-22T15:59:14","guid":{"rendered":"https:\/\/reservas2026.barcosenmenorca.com\/politique-en-matiere-de-cookies\/"},"modified":"2025-09-01T18:44:07","modified_gmt":"2025-09-01T16:44:07","slug":"politique-en-matiere-de-cookies","status":"publish","type":"page","link":"https:\/\/barcosenmenorca.com\/fr\/politique-en-matiere-de-cookies\/","title":{"rendered":"Politique en mati\u00e8re de cookies"},"content":{"rendered":"\n  <div class=\"banner has-hover bg-blur\" id=\"banner-1372095952\">\n          <div class=\"banner-inner fill\">\n        <div class=\"banner-bg fill\" >\n            <img decoding=\"async\" width=\"1280\" height=\"853\" src=\"https:\/\/barcosenmenorca.com\/wp-content\/uploads\/2018\/06\/cookies.png\" class=\"bg attachment-original size-original\" alt=\"\" \/>                                    \n                    <\/div>\n\t\t\n        <div class=\"banner-layers container\">\n            <div class=\"fill banner-link\"><\/div>            \n   <div id=\"text-box-2042265017\" class=\"text-box banner-layer x50 md-x50 lg-x50 y50 md-y50 lg-y50 res-text\">\n                     <div data-animate=\"fadeInLeft\">           <div class=\"text-box-content text dark text-shadow-4\">\n              \n              <div class=\"text-inner text-center\">\n                  \n<h3 class=\"uppercase\"><strong>POLITIQUE EN MATI\u00c8RE DE COOKIES<\/strong><\/h3>\n              <\/div>\n           <\/div>\n       <\/div>                     \n<style>\n#text-box-2042265017 {\n  width: 90%;\n}\n#text-box-2042265017 .text-box-content {\n  font-size: 91%;\n}\n@media (min-width:550px) {\n  #text-box-2042265017 {\n    width: 60%;\n  }\n  #text-box-2042265017 .text-box-content {\n    font-size: 100%;\n  }\n}\n<\/style>\n    <\/div>\n \n        <\/div>\n      <\/div>\n\n            \n<style>\n#banner-1372095952 {\n  padding-top: 135%;\n  background-color: rgba(4, 0, 0, 0.13);\n}\n#banner-1372095952 .banner-bg img {\n  object-position: 38% 14%;\n}\n@media (min-width:550px) {\n  #banner-1372095952 {\n    padding-top: 80%;\n  }\n}\n@media (min-width:850px) {\n  #banner-1372095952 {\n    padding-top: 37%;\n  }\n}\n<\/style>\n  <\/div>\n\n\n<div class=\"row row-large\"  id=\"row-886432913\">\n\n\t<div id=\"col-1576721186\" class=\"col small-12 large-12\"  >\n\t\t\t\t<div class=\"col-inner\"  >\n\t\t\t\n\t\t\t\n<p><h2>Qu&rsquo;est-ce qu&rsquo;un cookie ?<\/h2>\n<p>Les cookies sont des fichiers qui sont install\u00e9s sur le site web du navigateur de l&rsquo;utilisateur ou de ses appareils (smartphones, tablettes) au cours de son voyage \u00e0 travers les pages du site web et servent \u00e0 stocker des informations sur sa visite.<br \/>Les cookies sont utilis\u00e9s pour :<br \/>&#8211; Assurer le bon fonctionnement des pages web.<br \/>&#8211; Enregistrez vos pr\u00e9f\u00e9rences, telles que la langue ou la taille de la police.<br \/>&#8211; Conna\u00eetre l&rsquo;exp\u00e9rience de navigation de l&rsquo;utilisateur.<br \/>&#8211; recueillir des informations statistiques anonymes, telles que les pages visit\u00e9es par l&rsquo;utilisateur ou la dur\u00e9e de son s\u00e9jour sur le site web.<br \/>L&rsquo;utilisation de cookies permet d&rsquo;optimiser la navigation, en adaptant les informations et les services propos\u00e9s aux int\u00e9r\u00eats des utilisateurs, afin de vous offrir une meilleure exp\u00e9rience lors de vos visites sur le site.<\/p>\n<h2>Typologie, objectif et fonctionnement<\/h2>\n<p>Les cookies, en fonction de leur permanence, peuvent \u00eatre divis\u00e9s en cookies de session ou permanents. Les premiers expirent lorsque l&rsquo;utilisateur ferme le navigateur. Les seconds expirent lorsque l&rsquo;objectif pour lequel ils sont utilis\u00e9s est atteint ou lorsqu&rsquo;ils sont supprim\u00e9s manuellement.<br \/>En outre, en fonction de leur finalit\u00e9, les cookies peuvent \u00eatre class\u00e9s comme suit :<br \/>&#8211; Strictement n\u00e9cessaires (techniques) : ils sont essentiels au bon fonctionnement de la page. Ils sont normalement g\u00e9n\u00e9r\u00e9s lorsque l&rsquo;utilisateur acc\u00e8de au site ou s&rsquo;y connecte et sont utilis\u00e9s pour identifier l&rsquo;utilisateur sur le site avec les objectifs suivants :<br \/>&#8211; Ils maintiennent l&rsquo;identification de l&rsquo;utilisateur de sorte que, si l&rsquo;utilisateur quitte le site, le navigateur ou le dispositif et revient \u00e0 un autre moment pour acc\u00e9der \u00e0 la m\u00eame page, il continuera d&rsquo;\u00eatre identifi\u00e9, facilitant ainsi la navigation sans avoir \u00e0 s&rsquo;identifier \u00e0 nouveau.   <br \/>&#8211; V\u00e9rifier si l&rsquo;utilisateur est autoris\u00e9 \u00e0 acc\u00e9der \u00e0 certains services ou zones du site web.<br \/>&#8211; Performance : ils sont utilis\u00e9s pour am\u00e9liorer l&rsquo;exp\u00e9rience de navigation et optimiser le fonctionnement du site web, comme le stockage des configurations de service ou le stockage des achats effectu\u00e9s dans un panier d&rsquo;achat.<br \/>&#8211; Publicit\u00e9 : il s&rsquo;agit de ceux qui collectent des informations sur les publicit\u00e9s pr\u00e9sent\u00e9es aux utilisateurs du site web. Elles peuvent \u00eatre de deux types :<br \/>&#8211; Anonymes : elles collectent uniquement des informations sur les espaces publicitaires affich\u00e9s sur le site web, ind\u00e9pendamment de l&rsquo;utilisateur qui a acc\u00e9d\u00e9 au site web, c&rsquo;est-\u00e0-dire sans s&rsquo;identifier express\u00e9ment. <br \/>&#8211; Personnalis\u00e9es : elles collectent des informations personnelles sur l&rsquo;utilisateur du site web aupr\u00e8s d&rsquo;un tiers afin de personnaliser ces espaces publicitaires.<br \/>&#8211; Cookies de g\u00e9olocalisation : Ces cookies sont utilis\u00e9s pour d\u00e9terminer dans quel pays ou r\u00e9gion se trouve l&rsquo;utilisateur qui acc\u00e8de \u00e0 un site web, afin de pouvoir lui proposer un contenu ou des services adapt\u00e9s \u00e0 sa situation g\u00e9ographique.<br \/>&#8211; Analyses : elles collectent des informations sur l&rsquo;exp\u00e9rience de navigation de l&rsquo;utilisateur sur le site web, g\u00e9n\u00e9ralement de mani\u00e8re anonyme, bien qu&rsquo;elles permettent parfois d&rsquo;identifier l&rsquo;utilisateur de mani\u00e8re unique et sans \u00e9quivoque afin d&rsquo;obtenir des rapports sur l&rsquo;int\u00e9r\u00eat de l&rsquo;utilisateur pour les services offerts par le site web.<\/p>\n<h2>Cookies utilis\u00e9s<\/h2>\n<p>&#8211; Niveau 1 : Cookies strictement n\u00e9cessaires \u00e0 la fourniture du m\u00eame service que celui demand\u00e9 par l&rsquo;utilisateur.<br \/>&#8211; Niveau 2 : cookies de performance (anonymes) n\u00e9cessaires \u00e0 la maintenance du contenu et de la navigation, dont il est seulement n\u00e9cessaire d&rsquo;informer de l&rsquo;existence.<br \/>&#8211; Niveau 3 : Cookies g\u00e9r\u00e9s par des tiers qui permettent de suivre l&rsquo;utilisateur sur d&rsquo;autres sites web qui n&rsquo;appartiennent pas au propri\u00e9taire de ce site. Il s&rsquo;agit g\u00e9n\u00e9ralement de cookies publicitaires ou analytiques qui permettent d&rsquo;identifier l&rsquo;utilisateur de mani\u00e8re unique et claire. <\/p>\n<h2>D\u00c9SACTIVER L&rsquo;UTILISATION DES COOKIES<\/h2>\n<p>L&rsquo;utilisateur peut, \u00e0 tout moment, d\u00e9sactiver l&rsquo;utilisation des cookies en configurant les param\u00e8tres de son navigateur, par exemple :<\/p>\n<table>\n<tr>\n<td>Google Chrome<\/td>\n<td> http:\/\/support.google.com\/chrome\/bin\/answer.py?hl=es&amp;answer=95647<\/td>\n<\/tr>\n<tr>\n<td>Internet Explorer<\/td>\n<td> http:\/\/support.microsoft.com\/es-es\/help\/17442\/windows-internet-explorer-delete-manage-cookies<\/td>\n<\/tr>\n<tr>\n<td>Mozilla Firefox<\/td>\n<td> http:\/\/support.mozilla.org\/es\/kb\/habilitar-y-deshabilitar-cookies-que-los-sitios-we<\/td>\n<\/tr>\n<tr>\n<td>Apple Safari<\/td>\n<td> http:\/\/support.apple.com\/kb\/ph5042<\/td>\n<\/tr>\n<\/table>\n<p>Nous vous informons que MENORCAMAR &amp; CHARTER, dans son domaine barcosenmenorca.com n&rsquo;utilise aucun type de \u00a0\u00bbcookie\u00a0\u00bb, pour le traitement des donn\u00e9es personnelles, qui permet l&rsquo;identification de personnes physiques d\u00e9termin\u00e9es.<\/p>\n<table border=\"1\" cellspacing=\"0\" cellpadding=\"5\" style=\"border-collapse: collapse; width: 100%; font-family: Arial, sans-serif; font-size: 14px;\">\n<thead>\n<tr>\n<td>DOMAINE<\/td>\n<td> Nom de<br \/>le cookie<\/td>\n<td>Expire<\/td>\n<td> Information et intrusion<\/td>\n<td> Intrusion<\/td>\n<\/tr>\n<\/thead>\n<tbody>\n<tr>\n<td colspan=\"5\" style=\"height: 10px;\"><\/td>\n<\/tr>\n<\/tbody>\n<thead>\n<tr style=\"background-color: #f2f2f2;\">\n<th colspan=\"5\" style=\"text-align: left;\">PROPRES COOKIES<\/th>\n<\/tr>\n<\/thead>\n<tbody>\n<tr>\n<td>boatsinmenorca.com<\/td>\n<td>voir l\u00e9gal<\/td>\n<td>Permanent<\/td>\n<td>Contr\u00f4le de la version des textes juridiques<\/td>\n<td>Niveau 3<\/td>\n<\/tr>\n<tr>\n<td colspan=\"5\" style=\"height: 10px;\"><\/td>\n<\/tr>\n<\/tbody>\n<thead>\n<tr style=\"background-color: #f2f2f2;\">\n<th colspan=\"5\" style=\"text-align: left;\">LES COOKIES DE TIERS<\/th>\n<\/tr>\n<tr style=\"background-color: #ddd;\">\n<th>Domaine<\/th>\n<th>Cookie<\/th>\n<th>Dur\u00e9e du cookie<\/th>\n<th>Objectif<\/th>\n<th>Niveau<\/th>\n<\/tr>\n<\/thead>\n<tbody>\n<tr>\n<td>barcosenmenorca.com<\/td>\n<td>__utma<\/td>\n<td>2 ans<\/td>\n<td>Mesure interne Google Analytics<\/td>\n<td>Niveau 3<\/td>\n<\/tr>\n<tr>\n<td>barcosenmenorca.com<\/td>\n<td>__utmb<\/td>\n<td>30 minutes<\/td>\n<td>Mesure interne de Google Analytics<\/td>\n<td>Niveau 3<\/td>\n<\/tr>\n<tr>\n<td>barcosenmenorca.com<\/td>\n<td>__utmc<\/td>\n<td>Session<\/td>\n<td>Mesure interne Google Analytics<\/td>\n<td>Niveau 3<\/td>\n<\/tr>\n<tr>\n<td>barcosenmenorca.com<\/td>\n<td>__utmz<\/td>\n<td>6 mois<\/td>\n<td>Mesure interne Google Analytics<\/td>\n<td>Niveau 3<\/td>\n<\/tr>\n<tr>\n<td>barcosenmenorca.com<\/td>\n<td>__utmz<\/td>\n<td>2 ans<\/td>\n<td>Pour distinguer les utilisateurs<\/td>\n<td>Niveau 3<\/td>\n<\/tr>\n<tr>\n<td>barcosenmenorca.com<\/td>\n<td>_ga<\/td>\n<td>2 ans<\/td>\n<td>Pour distinguer les utilisateurs<\/td>\n<td>Niveau 3<\/td>\n<\/tr>\n<tr>\n<td>barcosenmenorca.com<\/td>\n<td>_gib<\/td>\n<td>24 heures<\/td>\n<td>Distinguer les utilisateurs<\/td>\n<td>Niveau 3<\/td>\n<\/tr>\n<tr>\n<td>barcosenmenorca.com<\/td>\n<td>_gat<\/td>\n<td>1 minute<\/td>\n<td>Pour limiter le pourcentage de requ\u00eates<\/td>\n<td>Niveau 3<\/td>\n<\/tr>\n<\/tbody>\n<\/table>\n<p>Apr\u00e8s avoir lu toutes les informations fournies, nous avertissons l&rsquo;utilisateur que, s&rsquo;il continue \u00e0 naviguer sur notre site Web sans avoir pris les mesures appropri\u00e9es pour personnaliser son navigateur afin d&#8217;emp\u00eacher l&rsquo;installation des cookies utilis\u00e9s par ce dernier, dans les termes inclus dans l&rsquo;article 22.2 de la loi 34\/2002 sur les services de la soci\u00e9t\u00e9 de l&rsquo;information et le commerce \u00e9lectronique, modifi\u00e9e par le d\u00e9cret royal 13\/2012 du 30 mars, qui transpose les directives sur les march\u00e9s int\u00e9rieurs de l&rsquo;\u00e9lectricit\u00e9 et du gaz et sur les communications \u00e9lectroniques, vous donnerez votre consentement \u00e0 l&rsquo;utilisation de ces m\u00e9canismes.<\/p>\n\t\t<\/div>\n\t\t\t\t\t<\/div>\n\n\t\n<\/div>\n","protected":false},"excerpt":{"rendered":"","protected":false},"author":1,"featured_media":0,"parent":0,"menu_order":0,"comment_status":"closed","ping_status":"closed","template":"page-transparent-header-light.php","meta":{"_acf_changed":false,"footnotes":""},"class_list":["post-20576","page","type-page","status-publish","hentry"],"acf":[],"_links":{"self":[{"href":"https:\/\/barcosenmenorca.com\/fr\/wp-json\/wp\/v2\/pages\/20576","targetHints":{"allow":["GET"]}}],"collection":[{"href":"https:\/\/barcosenmenorca.com\/fr\/wp-json\/wp\/v2\/pages"}],"about":[{"href":"https:\/\/barcosenmenorca.com\/fr\/wp-json\/wp\/v2\/types\/page"}],"author":[{"embeddable":true,"href":"https:\/\/barcosenmenorca.com\/fr\/wp-json\/wp\/v2\/users\/1"}],"replies":[{"embeddable":true,"href":"https:\/\/barcosenmenorca.com\/fr\/wp-json\/wp\/v2\/comments?post=20576"}],"version-history":[{"count":4,"href":"https:\/\/barcosenmenorca.com\/fr\/wp-json\/wp\/v2\/pages\/20576\/revisions"}],"predecessor-version":[{"id":26162,"href":"https:\/\/barcosenmenorca.com\/fr\/wp-json\/wp\/v2\/pages\/20576\/revisions\/26162"}],"wp:attachment":[{"href":"https:\/\/barcosenmenorca.com\/fr\/wp-json\/wp\/v2\/media?parent=20576"}],"curies":[{"name":"wp","href":"https:\/\/api.w.org\/{rel}","templated":true}]}}