{"id":20606,"date":"2022-08-01T10:56:15","date_gmt":"2022-08-01T08:56:15","guid":{"rendered":"https:\/\/reservas2026.barcosenmenorca.com\/avis-juridique\/"},"modified":"2026-03-19T01:07:16","modified_gmt":"2026-03-18T23:07:16","slug":"avis-juridique","status":"publish","type":"page","link":"https:\/\/barcosenmenorca.com\/fr\/avis-juridique\/","title":{"rendered":"Avis juridique"},"content":{"rendered":"\n  <div class=\"banner has-hover bg-blur\" id=\"banner-856093451\">\n          <div class=\"banner-inner fill\">\n        <div class=\"banner-bg fill\" >\n            <img decoding=\"async\" width=\"660\" height=\"433\" src=\"https:\/\/barcosenmenorca.com\/wp-content\/uploads\/2022\/08\/aviso-legal-1.jpg\" class=\"bg attachment-original size-original\" alt=\"\" \/>                                    \n                    <\/div>\n\t\t\n        <div class=\"banner-layers container\">\n            <div class=\"fill banner-link\"><\/div>            \n   <div id=\"text-box-2037017989\" class=\"text-box banner-layer x50 md-x50 lg-x50 y50 md-y50 lg-y50 res-text\">\n                     <div data-animate=\"fadeInLeft\">           <div class=\"text-box-content text dark text-shadow-4\">\n              \n              <div class=\"text-inner text-center\">\n                  \n<h3 class=\"uppercase\"><strong>avis juridique  <\/strong><\/h3>\n              <\/div>\n           <\/div>\n       <\/div>                     \n<style>\n#text-box-2037017989 {\n  width: 90%;\n}\n#text-box-2037017989 .text-box-content {\n  font-size: 91%;\n}\n@media (min-width:550px) {\n  #text-box-2037017989 {\n    width: 60%;\n  }\n  #text-box-2037017989 .text-box-content {\n    font-size: 100%;\n  }\n}\n<\/style>\n    <\/div>\n \n        <\/div>\n      <\/div>\n\n            \n<style>\n#banner-856093451 {\n  padding-top: 135%;\n  background-color: rgba(4, 0, 0, 0.13);\n}\n#banner-856093451 .banner-bg img {\n  object-position: 34% 90%;\n}\n@media (min-width:550px) {\n  #banner-856093451 {\n    padding-top: 80%;\n  }\n}\n@media (min-width:850px) {\n  #banner-856093451 {\n    padding-top: 27%;\n  }\n}\n<\/style>\n  <\/div>\n\n\n<div class=\"row row-large\"  id=\"row-1368090844\">\n\n\t<div id=\"col-1908597242\" class=\"col small-12 large-12\"  >\n\t\t\t\t<div class=\"col-inner\"  >\n\t\t\t\n\t\t\t\n<div class=\"uk-margin-medium\">\n<h2>DONN\u00c9ES D&rsquo;IDENTIFICATION DU PRESTATAIRE DE SERVICES DE LA SOCI\u00c9T\u00c9 DE L&rsquo;INFORMATION<\/h2>\n<p>Conform\u00e9ment \u00e0 l&rsquo;article 10 de la loi 34\/2002, du 11 juillet, sur les \u00a0\u00bbServices de la soci\u00e9t\u00e9 de l&rsquo;information et le commerce \u00e9lectronique (LSSI)\u00a0\u00bb, nous vous informons par la pr\u00e9sente des informations suivantes :<br \/>MENORCAMAR &amp; CHARTER, S.L., [ci-apr\u00e8s MENORCAMAR &amp; CHARTER], est le propri\u00e9taire du portail Web barcosenmenorca.com, qui agit exclusivement en tant qu&rsquo;op\u00e9rateur et gestionnaire des contenus des portails Web, domicili\u00e9 \u00e0 : C\/ MOLL DE LLEVANT, 96 &#8211; 07701 MAH\u00d3N, NIF B87580833, Inscrit au Registre du Commerce de Minorque Volume 34816, Folio 92, Page M626241, 1\u00e8re Inscription, est responsable de l&rsquo;exploitation, de la gestion et du fonctionnement du portail Web susmentionn\u00e9. Si vous souhaitez nous contacter, vous pouvez le faire par courrier \u00e0 l&rsquo;adresse mentionn\u00e9e au paragraphe pr\u00e9c\u00e9dent, ou par courrier \u00e9lectronique \u00e0 l&rsquo;adresse direccion@menorcamar.com.<\/p>\n<h2>INTRODUCTION<\/h2>\n<p>Le pr\u00e9sent avis juridique r\u00e9git l&rsquo;utilisation de ce site web. L&rsquo;acc\u00e8s au site est gratuit, \u00e0 l&rsquo;exception du co\u00fbt de la connexion au r\u00e9seau de t\u00e9l\u00e9communications fourni par le fournisseur d&rsquo;acc\u00e8s contract\u00e9 par les utilisateurs. <\/p>\n<h2>ACCEPTATION<\/h2>\n<p>L&rsquo;utilisation du portail Web conf\u00e8re la condition d&rsquo;utilisateur et implique l&rsquo;acceptation totale et sans r\u00e9serve de toutes et chacune des dispositions incluses dans le pr\u00e9sent avis juridique, dans la version publi\u00e9e pour MENORCAMAR &amp; CHARTER au moment o\u00f9 l&rsquo;utilisateur acc\u00e8de au site Web. Par cons\u00e9quent, l&rsquo;utilisateur doit lire attentivement le pr\u00e9sent avis juridique chaque fois qu&rsquo;il a l&rsquo;intention d&rsquo;utiliser le site Web, \u00e9tant donn\u00e9 qu&rsquo;il peut faire l&rsquo;objet de modifications. <\/p>\n<h2>INFORMATIONS SUR LES LIENS<\/h2>\n<p>MENORCAMAR &amp; CHARTER n&rsquo;est pas responsable des sites web n&rsquo;appartenant pas \u00e0 MENORCAMAR &amp; CHARTER ou \u00e0 des tiers, auxquels il est possible d&rsquo;acc\u00e9der par le biais de liens ou de tout contenu mis \u00e0 disposition par des tiers. L&rsquo;utilisation d&rsquo;un lien ou l&rsquo;acc\u00e8s \u00e0 un site web qui n&rsquo;est pas le n\u00f4tre se fait au seul risque de l&rsquo;utilisateur, MENORCAMAR &amp; CHARTER ne recommande ni ne garantit aucune information obtenue \u00e0 travers un lien en dehors du site web de barcosenmenorca.com, ni n&rsquo;est responsable de toute perte, r\u00e9clamation ou dommage d\u00e9coulant de l&rsquo;utilisation ou de la mauvaise utilisation d&rsquo;un lien, ou de l&rsquo;information obtenue par son biais, y compris d&rsquo;autres liens ou sites Web, de l&rsquo;interruption du service ou de l&rsquo;acc\u00e8s, ou de l&rsquo;utilisation ou de la mauvaise utilisation d&rsquo;un lien, tant lors de la connexion au portail Web barcosenmenorca.com que pour l&rsquo;acc\u00e8s \u00e0 l&rsquo;information d&rsquo;autres sites Web \u00e0 partir du m\u00eame portail Web. <\/p>\n<h2>RENONCIATION ET LIMITATION DE RESPONSABILIT\u00c9<\/h2>\n<p>Les informations et les services inclus ou disponibles \u00e0 travers les pages web peuvent contenir des inexactitudes ou des erreurs typographiques. Des modifications sont p\u00e9riodiquement apport\u00e9es \u00e0 l&rsquo;information contenue.<br \/>MENORCAMAR &amp; CHARTER peut apporter \u00e0 tout moment des am\u00e9liorations et\/ou des changements aux services ou aux contenus.<br \/>Nous vous informons \u00e9galement que les contenus de ce site Web ont un caract\u00e8re informatif quant aux services et aux tarifs propos\u00e9s, conform\u00e9ment aux dispositions de cet avis l\u00e9gal et du reste des textes l\u00e9gaux de ce portail. <\/p>\n<h2>INFORMATIONS SUR L&rsquo;EXCLUSION DE RESPONSABILIT\u00c9 EN CAS DE D\u00c9FAILLANCE TECHNIQUE OU DE CONTENU<\/h2>\n<p>MENORCAMAR &amp; CHARTER d\u00e9cline toute responsabilit\u00e9 en cas d&rsquo;interruption ou de dysfonctionnement des services ou contenus propos\u00e9s sur Internet, quelle qu&rsquo;en soit la cause.<br \/>De m\u00eame, MENORCAMAR &amp; CHARTER ne sera pas tenu responsable des pannes de r\u00e9seau, des pertes d&rsquo;exploitation cons\u00e9cutives \u00e0 ces pannes, des suspensions temporaires de la fourniture d&rsquo;\u00e9lectricit\u00e9 ou de tout autre type.<br \/>MENORCAMAR &amp; CHARTER ne garantit pas que les services ou les contenus ne seront pas interrompus ou exempts d&rsquo;erreurs, que les d\u00e9fauts seront corrig\u00e9s ou que le service ou le serveur qui le met \u00e0 disposition sont exempts de virus ou d&rsquo;autres composants nuisibles, sans pr\u00e9judice du fait que MENORCAMAR &amp; CHARTER fait tout son possible pour \u00e9viter ce type d&rsquo;incidents. Si l&rsquo;utilisateur prend certaines d\u00e9cisions ou r\u00e9alise certaines actions sur la base de l&rsquo;information contenue dans l&rsquo;un des sites web, il est recommand\u00e9 de v\u00e9rifier l&rsquo;information re\u00e7ue aupr\u00e8s d&rsquo;autres sources. <\/p>\n<h2>LA PROPRI\u00c9T\u00c9 INTELLECTUELLE ET INDUSTRIELLE, LES MARQUES<\/h2>\n<p>La structure, la conception et la forme de pr\u00e9sentation des \u00e9l\u00e9ments (graphiques, images, fichiers, logos, combinaisons de couleurs et tout \u00e9l\u00e9ment susceptible de protection) sont prot\u00e9g\u00e9s par des droits de propri\u00e9t\u00e9 intellectuelle, propri\u00e9t\u00e9 de MENORCAMAR &amp; CHARTER.<br \/>La reproduction, la transformation, la distribution, la communication publique et, en g\u00e9n\u00e9ral, toute autre forme d&rsquo;exploitation, partielle ou totale, des \u00e9l\u00e9ments mentionn\u00e9s dans la section pr\u00e9c\u00e9dente est interdite. Ces actes d&rsquo;exploitation ne pourront \u00eatre r\u00e9alis\u00e9s qu&rsquo;avec l&rsquo;autorisation expresse de MENORCAMAR &amp; CHARTER et qui, dans tous les cas, devra faire explicitement r\u00e9f\u00e9rence \u00e0 la titularit\u00e9 des droits de propri\u00e9t\u00e9 intellectuelle mentionn\u00e9s de MENORCAMAR &amp; CHARTER.<br \/>Seul est autoris\u00e9 l&rsquo;usage priv\u00e9 du mat\u00e9riel documentaire \u00e9labor\u00e9 pour MENORCAMAR &amp; CHARTER. Vous ne pouvez en aucun cas enlever, modifier, \u00e9luder ou manipuler tout dispositif de protection ou syst\u00e8me de s\u00e9curit\u00e9 qui pourrait \u00eatre install\u00e9. Sauf autorisation expresse de MENORCAMAR &amp; CHARTER, les liens vers des \u00a0\u00bbpages finales\u00a0\u00bb, des \u00a0\u00bbcadres\u00a0\u00bb et toute autre manipulation similaire ne sont pas autoris\u00e9s. Les liens doivent toujours se trouver sur la page principale ou \u00a0\u00bbhome page\u00a0\u00bb de barcosenmenorca.com.<br \/>Les signes distinctifs (marques, noms commerciaux) de MENORCAMAR &amp; CHARTER sont prot\u00e9g\u00e9s par des droits de propri\u00e9t\u00e9 industrielle et il est interdit d&rsquo;utiliser ou de manipuler l&rsquo;un d&rsquo;entre eux, sauf autorisation expresse et \u00e9crite de MENORCAMAR &amp; CHARTER.    <\/p>\n<p><h2>ACHATS EN LIGNE S\u00c9CURIS\u00c9S<\/h2>\n<p>La s\u00e9curit\u00e9 est une priorit\u00e9 pour MENORCAMAR &amp; CHARTER et nous mettons tout en \u0153uvre pour garantir la s\u00e9curit\u00e9 de nos transactions et la protection de vos informations personnelles.<\/p>\n<h2>NE PARTAGEZ PAS VOS INFORMATIONS PERSONNELLES<\/h2>\n<p>MENORCAMAR &amp; CHARTER ne vous enverra jamais un e-mail ou ne vous t\u00e9l\u00e9phonera jamais pour vous demander de r\u00e9v\u00e9ler ou de v\u00e9rifier le mot de passe de votre compte, les num\u00e9ros de votre compte bancaire ou de votre carte de cr\u00e9dit, ou tout autre type d&rsquo;information personnelle. Si quelqu&rsquo;un vous contacte ou si vous recevez un e-mail non sollicit\u00e9 vous demandant l&rsquo;une des informations susmentionn\u00e9es, ne r\u00e9pondez pas et informez imm\u00e9diatement MENORCAMAR &amp; CHARTER, afin qu&rsquo;il puisse proc\u00e9der \u00e0 l&rsquo;enqu\u00eate sur l&rsquo;incident. <\/p>\n<h2>IDENTIFIER LES COURRIELS FRAUDULEUX (tentatives de spoofing ou de phishing).<\/h2>\n<p>Ignorez tout e-mail que vous recevez vous demandant des informations personnelles ou vous redirigeant vers une autre page web n&rsquo;appartenant pas \u00e0 MENORCAMAR &amp; CHARTER, ou \u00e0 des soci\u00e9t\u00e9s du groupe, ou vous demandant de payer par un moyen diff\u00e9rent de celui autoris\u00e9 par MENORCAMAR &amp; CHARTER, car il pourrait s&rsquo;agir d&rsquo;une tentative de \u00a0\u00bbspoofing\u00a0\u00bb ou de \u00a0\u00bbphishing\u00a0\u00bb, et vous devrez la consid\u00e9rer comme frauduleuse.<br \/>MENORCAMAR &amp; CHARTER utilise le domaine \u00a0\u00bbbarcosenmenorca.com\u00a0\u00bb pour ses e-mails.<br \/>Si vous recevez un courriel avec un format diff\u00e9rent, par exemple : menorcamar.security@hotmail.com, vous pouvez \u00eatre s\u00fbr qu&rsquo;il s&rsquo;agit d&rsquo;un faux courriel.<br \/>Certains courriels de phishing contiennent des liens vers des sites web qui utilisent le mot \u00a0\u00bbMENORCAMAR &amp; CHARTER\u00a0\u00bb dans leur URL, mais qui vous dirigent vers un site web compl\u00e8tement diff\u00e9rent. Si vous passez votre souris sur le lien, vous verrez l&rsquo;URL associ\u00e9e, qui sera probablement dans un format diff\u00e9rent de celui des sites Web authentiques de MENORCAMAR &amp; CHARTER.<br \/>Si vous cliquez quand m\u00eame sur un courriel de phishing et que vous \u00eates redirig\u00e9 vers une page qui ressemble \u00e0 \u00a0\u00bbVers votre compte\u00a0\u00bb ou vers une page qui vous demande de v\u00e9rifier ou de modifier vos informations personnelles, ignorez-la et consid\u00e9rez-la comme frauduleuse. <\/p>\n<h2>SIGNALEZ LES TENTATIVES D&rsquo;HAME\u00c7ONNAGE<\/h2>\n<p>Envoyez un courriel \u00e0 reservas@barcosenmenorca.com et joignez-y le courriel que vous pensez \u00eatre un faux. En fournissant ces informations, vous nous aidez \u00e0 remonter \u00e0 la source.<br \/>Si vous n&rsquo;\u00eates pas en mesure de joindre le faux courriel, veuillez le transmettre \u00e0 reservas@barcosenmenorca.com et inclure autant d&rsquo;informations que possible \u00e0 son sujet. <\/p>\n<h2>INFORMATION DES ACHETEURS SUR LA PLATEFORME DE R\u00c9SOLUTION DES DIFF\u00c9RENDS @Ecommerce.<\/h2>\n<p>L&rsquo;acheteur de produits sur ce site est inform\u00e9 de l&rsquo;existence d&rsquo;une plateforme de r\u00e9solution des litiges en ligne.<br \/>Conform\u00e9ment \u00e0 l&rsquo;article 14.1 du r\u00e8glement (UE) 524\/2013 :<br \/>La Commission europ\u00e9enne met \u00e0 disposition une plateforme de r\u00e9solution des litiges en ligne qui est disponible sur le lien suivant : http:\/\/ec.europa.eu\/consumers\/odr\/.<br \/>Les consommateurs peuvent soumettre leurs r\u00e9clamations via la plateforme de r\u00e9solution des litiges en ligne.<\/p>\n<\/div>\n\t\t<\/div>\n\t\t\t\t\t<\/div>\n\n\t\n<\/div>\n","protected":false},"excerpt":{"rendered":"","protected":false},"author":2,"featured_media":0,"parent":0,"menu_order":0,"comment_status":"closed","ping_status":"closed","template":"","meta":{"_acf_changed":false,"footnotes":""},"class_list":["post-20606","page","type-page","status-publish","hentry"],"acf":[],"_links":{"self":[{"href":"https:\/\/barcosenmenorca.com\/fr\/wp-json\/wp\/v2\/pages\/20606","targetHints":{"allow":["GET"]}}],"collection":[{"href":"https:\/\/barcosenmenorca.com\/fr\/wp-json\/wp\/v2\/pages"}],"about":[{"href":"https:\/\/barcosenmenorca.com\/fr\/wp-json\/wp\/v2\/types\/page"}],"author":[{"embeddable":true,"href":"https:\/\/barcosenmenorca.com\/fr\/wp-json\/wp\/v2\/users\/2"}],"replies":[{"embeddable":true,"href":"https:\/\/barcosenmenorca.com\/fr\/wp-json\/wp\/v2\/comments?post=20606"}],"version-history":[{"count":28,"href":"https:\/\/barcosenmenorca.com\/fr\/wp-json\/wp\/v2\/pages\/20606\/revisions"}],"predecessor-version":[{"id":30379,"href":"https:\/\/barcosenmenorca.com\/fr\/wp-json\/wp\/v2\/pages\/20606\/revisions\/30379"}],"wp:attachment":[{"href":"https:\/\/barcosenmenorca.com\/fr\/wp-json\/wp\/v2\/media?parent=20606"}],"curies":[{"name":"wp","href":"https:\/\/api.w.org\/{rel}","templated":true}]}}