{"id":20502,"date":"2018-05-22T16:17:39","date_gmt":"2018-05-22T14:17:39","guid":{"rendered":"https:\/\/reservas2026.barcosenmenorca.com\/termini-e-condizioni\/"},"modified":"2025-09-02T19:16:55","modified_gmt":"2025-09-02T17:16:55","slug":"termini-e-condizioni","status":"publish","type":"page","link":"https:\/\/barcosenmenorca.com\/it\/termini-e-condizioni\/","title":{"rendered":"Termini e Condizioni"},"content":{"rendered":"\n  <div class=\"banner has-hover bg-blur\" id=\"banner-304741578\">\n          <div class=\"banner-inner fill\">\n        <div class=\"banner-bg fill\" >\n            <img decoding=\"async\" width=\"1920\" height=\"1276\" src=\"https:\/\/barcosenmenorca.com\/wp-content\/uploads\/2018\/06\/conditions.jpg\" class=\"bg attachment-original size-original\" alt=\"\" \/>                        <div class=\"overlay\"><\/div>            \n                    <\/div>\n\t\t\n        <div class=\"banner-layers container\">\n            <div class=\"fill banner-link\"><\/div>            \n   <div id=\"text-box-1396893517\" class=\"text-box banner-layer x50 md-x50 lg-x50 y50 md-y50 lg-y50 res-text\">\n                     <div data-animate=\"fadeInLeft\">           <div class=\"text-box-content text dark\">\n              \n              <div class=\"text-inner text-center\">\n                  \n<h3 class=\"uppercase\"><strong>Termini e Condizioni<\/strong><\/h3>\n              <\/div>\n           <\/div>\n       <\/div>                     \n<style>\n#text-box-1396893517 {\n  width: 90%;\n}\n#text-box-1396893517 .text-box-content {\n  font-size: 91%;\n}\n@media (min-width:550px) {\n  #text-box-1396893517 {\n    width: 60%;\n  }\n  #text-box-1396893517 .text-box-content {\n    font-size: 100%;\n  }\n}\n<\/style>\n    <\/div>\n \n        <\/div>\n      <\/div>\n\n            \n<style>\n#banner-304741578 {\n  padding-top: 134%;\n}\n#banner-304741578 .overlay {\n  background-color: rgba(0, 0, 0, 0.17);\n}\n#banner-304741578 .banner-bg img {\n  object-position: 22% 40%;\n}\n@media (min-width:550px) {\n  #banner-304741578 {\n    padding-top: 80%;\n  }\n}\n@media (min-width:850px) {\n  #banner-304741578 {\n    padding-top: 37%;\n  }\n}\n<\/style>\n  <\/div>\n\n\n<div class=\"row row-large\"  id=\"row-348633521\">\n\n\t<div id=\"col-287581767\" class=\"col small-12 large-12\"  >\n\t\t\t\t<div class=\"col-inner\"  >\n\t\t\t\n\t\t\t\n<h2 class=\"uppercase\" style=\"text-align: left;\"><b>TERMINI E CONDIZIONI<\/b><\/h2>\n<p><strong>Il prezzo del noleggio<\/strong> varia a seconda della durata e della stagione ed \u00e8 indicato nel calendario della barca sul web. Il prezzo comprende l&#8217;IVA, l&#8217;ormeggio, la pulizia ordinaria e NON include il consumo di carburante, lo skipper o altri extra. <\/p>\n<p>L \u201c<strong>accesso alle barche<\/strong> \u00e8 presso il porto turistico M\u00d4 LLEVANT <em>, situato a Moll de Llevant<\/em> (39\u00b0 26,6 N &#8211; 002\u00b0 28,3 E), ai pontili 1 e 2. L\u201d ufficio si trova di fronte al porto turistico, in C\/ Moll de Llevant 96.  https:\/\/maps.app.goo.gl\/Y85b93M2GuT3dSCc6<\/p>\n<p>Parcheggio gratuito: lascia la tua famiglia e i tuoi amici in ufficio e porta la tua auto in uno dei 3 parcheggi gratuiti. Anche se puoi tornare a piedi, se vuoi possiamo lasciarti una bicicletta o uno scooter per tornare in ufficio. <\/p>\n<ul>\n<li>V7MF+JW Ma\u00f3-Mah\u00f3n<\/li>\n<li>V7QF+XH Ma\u00f3-Mah\u00f3n<\/li>\n<li>V7QC+8P Ma\u00f3-Mah\u00f3n<\/li>\n<\/ul>\n<p><strong>PROGRAMMA<\/strong><\/p>\n<p><strong>Nel mese di settembre l&#8217;orario di partenza\/arrivo delle barche \u00e8 dalle 9:30 alle 18:30.<\/strong><\/p>\n<p><strong>Le barche vengono consegnate a partire dalle ore 10:00<\/strong> piene di carburante e pulite, in ordine di arrivo e verr\u00e0 data priorit\u00e0 a coloro la cui documentazione \u00e8 stata precedentemente completata. Il cliente effettuer\u00e0 il check-in della barca. <\/p>\n<p>Le <strong>barche devono essere riconsegnate entro le 19:00<\/strong> piene di carburante e prive di rifiuti. Il check-out si effettua in base all \u201cordine di arrivo e fino a quando c\u201d \u00e8 luce. <\/p>\n<p><strong>CONFERMA DELLA PRENOTAZIONE<\/strong><\/p>\n<p><strong>Per confermare la prenotazione e bloccare<\/strong> automaticamente <strong>le date<\/strong>, \u00e8 necessario effettuare la prenotazione e il pagamento con carta di credito attraverso il sito web (Visa, Mastercard, Amex).  <\/p>\n<p>Se preferisci pagare tramite bonifico bancario, l&#8217;importo sar\u00e0 inviato al conto bancario di MENORCA MAR CHARTER, IBAN: ES25 0081 0634 72 0001184528 BIC: BSABESBBXXX e la prova di pagamento sar\u00e0 inviata per posta a <a href=\"mailto:reservas@barcosenmenorca.com\">reservas@barcosenmenorca.com<\/a> indicando il numero della prenotazione e il pagatore. In questo caso il blocco non \u00e8 garantito perch\u00e9 \u00e8 possibile che un&#8217;altra persona abbia effettuato la prenotazione via web con pagamento tramite carta e blocco automatico. La priorit\u00e0 \u00e8 data alle prenotazioni pagate e bloccate direttamente sul web; se si verifica questa circostanza, le date saranno cambiate o l&#8217;intero importo sar\u00e0 rimborsato.  <\/p>\n<p><strong>DEPOSITO<\/strong><\/p>\n<p><strong>Il deposito cauzionale viene effettuato in ufficio prima della partenza<\/strong>: viene sempre stabilito un deposito cauzionale prima della partenza per le spese relative a eventuali danni, gli importi sono 500 \u20ac per le barche fino a 5 metri, 1.400 \u20ac per le barche di 6 m, 2.000 \u20ac per le barche catalogate come 8 m e 2.800 \u20ac per le barche catalogate come &gt; 8 m.<\/p>\n<p>Se il distributore \u00e8 chiuso prima delle 18:00 a causa di un giorno festivo o per motivi di orario, il rifornimento sar\u00e0 effettuato da Menorca Mar, addebitando solo la quantit\u00e0 di benzina consumata. In questi giorni, all&#8217;importo del carburante consumato verr\u00e0 aggiunto un deposito di 300 \u20ac. <\/p>\n<p>Il deposito viene restituito quando l&#8217;imbarcazione pu\u00f2 essere controllata alla luce del giorno. Nel caso in cui si debba attingere al deposito cauzionale per il mancato rifornimento di carburante o per la necessit\u00e0 di effettuare una riparazione, verr\u00e0 restituito <span style=\"font-size: 14.4px;\">l&#8217;importo eccedente il deposito cauzionale sulla <\/span><span style=\"font-size: 14.4px;\"> fattura del carburante e\/o sul preventivo della riparazione<\/span>. <\/p>\n<p>Quando il deposito viene restituito da Menorca Mar, \u00e8 la banca che ha emesso la carta a stabilire le date di restituzione per i suoi clienti, e ogni banca varia. Per fare un esempio pratico, El Sabadell lo fa immediatamente, mentre La Caixa impiega fino a 3 settimane. <\/p>\n<p>Si consiglia di effettuare il deposito con carta di credito anzich\u00e9 con carta di debito.<\/p>\n<p>I pi\u00f9 comuni risarcimenti per cauzione per servizi aggiuntivi:<\/p>\n<ol>\n<li>Per la mancata restituzione dell&#8217;imbarcazione con il pieno di carburante, il servizio di rifornimento ha un costo di 100 \u20ac oltre al costo del carburante non rifornito.<\/li>\n<li>Per il danneggiamento dell&#8217;elica del motore. Se sono in ferro, per i motori fino a 140 CV l&#8217;importo \u00e8 di 400 euro e per i motori da 150 CV in poi l&#8217;importo \u00e8 di 1.400 euro per elica se sono in acciaio inox. <\/li>\n<li>Servizio di pulizia extra, 50 \u20ac, per macchie legate all&#8217;uso di scarpe, creme, prodotti alimentari\/bevande, cos\u00ec come per non aver gettato la spazzatura e aver trovato tracce di cenere, mozziconi di sigaretta e altro.  <\/li>\n<li>per altri incidenti: perdita o rottura di materassi&#8230; si richiede un preventivo.<\/li>\n<\/ol>\n<p><strong>Una volta effettuata la prenotazione, i documenti aggiuntivi devono essere aggiunti via web e con il cellulare accedendo a <a href=\"https:\/\/barcosenmenorca.com\/it\/la-mia-riserva\/\">https:\/\/barcosenmenorca.com\/mi-reserva\/.<\/a><\/strong><\/p>\n<p>Per farlo \u00e8 necessario autenticarsi con la stessa email@ (con lettere maiuscole e minuscole) utilizzata per la registrazione sul web e con il numero di prenotazione. In MY BOOKING il cliente inserisce digitalmente le seguenti informazioni <\/p>\n<ul>\n<li>carta d&#8217;identit\u00e0 e\/o passaporto<\/li>\n<li>licenza di navigazione<\/li>\n<li>contratto completato  <\/li>\n<li>firma il contratto<\/li>\n<\/ul>\n<p>La caparra, il rimborso della caparra e il check-out sono inclusi nella sezione LA MIA PRENOTAZIONE in modo che il cliente possa vederli.<\/p>\n<p><strong>POLITICA DI CANCELLAZIONE<\/strong><\/p>\n<ol>\n<li><strong>CANCELLAZIONI PER MOTIVI PERSONALI<\/strong><\/li>\n<\/ol>\n<p>Nel caso in cui il cliente cancelli il noleggio con pi\u00f9 di 15 giorni di preavviso, il rimborso sar\u00e0 pari al 75% dell&#8217;importo totale della prenotazione.<\/p>\n<p>Nel caso in cui il cliente cancelli il noleggio con un preavviso di 15 giorni o meno, l&#8217;importo totale della prenotazione sar\u00e0 perso.<\/p>\n<p><strong>2. CANCELLAZIONI PER MALTEMPO<\/strong><\/p>\n<p>In questo caso, il giorno pu\u00f2 essere cambiato o l&#8217;importo pagato sar\u00e0 rimborsato.<\/p>\n<p>Cosa si intende per maltempo? Il maltempo \u00e8 considerato tale se si verifica uno dei seguenti eventi meteorologici<\/p>\n<ul>\n<li><strong>Altezze d&#8217;onda nell&#8217;area secondo l&#8217;applicazione di previsione <em>WINDY<\/em><\/strong><\/li>\n<\/ul>\n<p>-In imbarcazioni da 4,5 metri con onde superiori a <strong>0,8 metri<\/strong><\/p>\n<p>-In imbarcazioni di 6-7 metri con onde di pi\u00f9 di <strong>1 metro<\/strong><\/p>\n<p>-In imbarcazioni di dimensioni superiori a 7 metri, onde pi\u00f9 alte di <strong>1,5 metri<\/strong><\/p>\n<ul>\n<li><strong>Velocit\u00e0 del vento<\/strong>.<\/li>\n<\/ul>\n<p>-Nelle imbarcazioni di 4,5 metri, raffiche di vento sostenute di <strong>16kn.<\/strong><\/p>\n<p>-Nelle imbarcazioni di 6-7 metri, raffiche di vento sostenute di <strong>18kn.<\/strong><\/p>\n<p>-Su imbarcazioni &gt; di 7 metri, raffiche di vento sostenute di <strong>20kn<\/strong><\/p>\n<ul>\n<li> <strong> Precipitazioni:<\/strong> pioggia intensa per pi\u00f9 di 1 ora ininterrottamente dalle 10:00 alle 11:30 nel porto.<\/li>\n<\/ul>\n<p><strong>Gli accumuli nuvolosi con rischio di precipitazioni non sono considerati maltempo.<\/strong><\/p>\n<p><em>L&#8217;applicazione <strong>WINDY<\/strong> verr\u00e0 utilizzata come riferimento per misurare le stime del giorno.<\/em><\/p>\n<p>Indipendentemente da queste politiche di cancellazione basate sulle stime del sito web, <strong>sar\u00e0 piena responsabilit\u00e0 del cliente valutare le condizioni meteorologiche e decidere la rotta da seguire per motivi di sicurezza o se non \u00e8 possibile navigare.<\/strong> Si consiglia di controllare le condizioni meteo su <a href=\"https:\/\/www.windy.com\" target=\"_blank\" rel=\"noopener noreferrer\">https:\/\/www.windy.com<\/a><\/p>\n<p><strong>3. CANCELLAZIONI DOVUTE A MALATTIA O A COVID  <\/strong><\/p>\n<p>Se il cliente presenta un certificato medico, gli rimborseremo l&#8217;intero importo pagato per il noleggio o potr\u00e0 cambiare la data del noleggio, oppure gli consegneremo un buono per l&#8217;importo pagato per la prenotazione.<\/p>\n<p><strong>4. CANCELLAZIONI A CAUSA DI SCIOPERI O CANCELLAZIONI DI VOLI<\/strong><\/p>\n<p>La data del noleggio pu\u00f2 essere cambiata, a condizione che nella nuova data scelta sia disponibile un&#8217;imbarcazione con caratteristiche simili.<\/p>\n<p>Se non c&#8217;\u00e8 disponibilit\u00e0, l&#8217;importo viene rimborsato oppure viene consegnato al cliente un buono per l&#8217;importo pagato per la prenotazione.<\/p>\n<p><strong>5. CANCELLAZIONI DOVUTE A DANNI ALLA NAVE<\/strong><\/p>\n<p>Nel caso in cui non sia possibile uscire in mare a causa di danni all&#8217;imbarcazione, questa verr\u00e0 sostituita con un&#8217;altra imbarcazione della stessa lunghezza, se presente, <span style=\"font-size: 14.4px;\">altrimenti gli importi versati verranno rimborsati<\/span>.<\/p>\n<p><strong>GESTIONE DELLE CANCELLAZIONI<\/strong><\/p>\n<p>Il cliente e\/o Menorca Mar &amp; Charter avr\u00e0 a disposizione queste tre opzioni:<\/p>\n<ol>\n<li>Modificare la data di noleggio, a condizione che una barca con caratteristiche simili sia disponibile nella nuova data selezionata.<\/li>\n<li>Dare un buono al cliente per l&#8217;importo che ha pagato per la prenotazione.<\/li>\n<li><strong>Se nessuna delle due opzioni di cui sopra pu\u00f2 essere fornita<\/strong>, rimborseremo l&#8217;intero importo pagato per il noleggio.<\/li>\n<\/ol>\n<p><strong>CANCELLAZIONI EFFETTUATE SU UN SITO DI INTERMEDIAZIONE<\/strong><\/p>\n<p>Se la prenotazione \u00e8 stata effettuata tramite un <strong>sito web intermediario<\/strong>, la cancellazione deve essere effettuata anche tramite il sito web intermediario. Il cliente deve quindi contattare il loro servizio di assistenza. <\/p>\n<p>Menorca Mar &amp; Charter non \u00e8 responsabile delle politiche di cancellazione stipulate con altre societ\u00e0 di intermediazione.<\/p>\n\t\t<\/div>\n\t\t\t\t\t<\/div>\n\n\t\n<\/div>\n","protected":false},"excerpt":{"rendered":"","protected":false},"author":1,"featured_media":0,"parent":0,"menu_order":0,"comment_status":"closed","ping_status":"closed","template":"page-transparent-header-light.php","meta":{"_acf_changed":false,"footnotes":""},"class_list":["post-20502","page","type-page","status-publish","hentry"],"acf":[],"_links":{"self":[{"href":"https:\/\/barcosenmenorca.com\/it\/wp-json\/wp\/v2\/pages\/20502","targetHints":{"allow":["GET"]}}],"collection":[{"href":"https:\/\/barcosenmenorca.com\/it\/wp-json\/wp\/v2\/pages"}],"about":[{"href":"https:\/\/barcosenmenorca.com\/it\/wp-json\/wp\/v2\/types\/page"}],"author":[{"embeddable":true,"href":"https:\/\/barcosenmenorca.com\/it\/wp-json\/wp\/v2\/users\/1"}],"replies":[{"embeddable":true,"href":"https:\/\/barcosenmenorca.com\/it\/wp-json\/wp\/v2\/comments?post=20502"}],"version-history":[{"count":15,"href":"https:\/\/barcosenmenorca.com\/it\/wp-json\/wp\/v2\/pages\/20502\/revisions"}],"predecessor-version":[{"id":26179,"href":"https:\/\/barcosenmenorca.com\/it\/wp-json\/wp\/v2\/pages\/20502\/revisions\/26179"}],"wp:attachment":[{"href":"https:\/\/barcosenmenorca.com\/it\/wp-json\/wp\/v2\/media?parent=20502"}],"curies":[{"name":"wp","href":"https:\/\/api.w.org\/{rel}","templated":true}]}}