{"id":20552,"date":"2018-05-22T16:17:39","date_gmt":"2018-05-22T14:17:39","guid":{"rendered":"https:\/\/reservas2026.barcosenmenorca.com\/politica-sulla-privacy\/"},"modified":"2025-09-01T17:58:22","modified_gmt":"2025-09-01T15:58:22","slug":"politica-sulla-privacy","status":"publish","type":"page","link":"https:\/\/barcosenmenorca.com\/it\/politica-sulla-privacy\/","title":{"rendered":"Informativa sulla privacy"},"content":{"rendered":"\n  <div class=\"banner has-hover bg-blur\" id=\"banner-137935650\">\n          <div class=\"banner-inner fill\">\n        <div class=\"banner-bg fill\" >\n                                                \n                    <\/div>\n\t\t\n        <div class=\"banner-layers container\">\n            <div class=\"fill banner-link\"><\/div>            \n   <div id=\"text-box-765752025\" class=\"text-box banner-layer x50 md-x50 lg-x50 y50 md-y50 lg-y50 res-text\">\n                     <div data-animate=\"fadeInLeft\">           <div class=\"text-box-content text dark text-shadow-4\">\n              \n              <div class=\"text-inner text-center\">\n                  \n<h3 class=\"uppercase\"><strong>INFORMATIVA SULLA PRIVACY<\/strong><\/h3>\n              <\/div>\n           <\/div>\n       <\/div>                     \n<style>\n#text-box-765752025 {\n  width: 90%;\n}\n#text-box-765752025 .text-box-content {\n  font-size: 90%;\n}\n@media (min-width:550px) {\n  #text-box-765752025 {\n    width: 60%;\n  }\n  #text-box-765752025 .text-box-content {\n    font-size: 100%;\n  }\n}\n<\/style>\n    <\/div>\n \n        <\/div>\n      <\/div>\n\n            \n<style>\n#banner-137935650 {\n  padding-top: 135%;\n}\n#banner-137935650 .banner-bg img {\n  object-position: 52% 40%;\n}\n@media (min-width:550px) {\n  #banner-137935650 {\n    padding-top: 80%;\n  }\n}\n@media (min-width:850px) {\n  #banner-137935650 {\n    padding-top: 37%;\n  }\n}\n<\/style>\n  <\/div>\n\n\n<div class=\"row row-large\"  id=\"row-1665547225\">\n\n\t<div id=\"col-1562041715\" class=\"col hide-for-medium small-12 large-12\"  >\n\t\t\t\t<div class=\"col-inner\"  >\n\t\t\t\n\t\t\t\n<h2>RESPONSABILE<\/h2>\n<p>In conformit\u00e0 con le disposizioni del Regolamento Generale (UE) 2016\/679 sulla protezione dei dati e della Legge Organica 3\/2018 sulla protezione dei dati personali e la garanzia dei diritti digitali, ti informiamo che i dati personali forniti attraverso i moduli, cos\u00ec come il tuo indirizzo e-mail, sono stati inseriti in un trattamento di propriet\u00e0 di MENORCAMAR &amp; CHARTER, S.L., [di seguito MENORCAMAR &amp; CHARTER], con sede legale in C\/ MOLL DE LLEVANT, 96 &#8211; 07701 MAH\u00d3N, NIF B87580833, iscritta al Registro Mercantile di Minorca, Volume 34816, Folio 92 Pagina M626241, 1a Iscrizione, \u00e8 responsabile dello sfruttamento, della gestione e del funzionamento del suddetto portale web.<br \/>E-mail direccion@menorcamar.com, al fine di rispondere alle tue richieste e inviarti informazioni relative ai servizi offerti da MENORCAMAR &amp; CHARTER.<br \/>Ti informiamo che i dati potranno essere utilizzati per l&#8217;invio di comunicazioni commerciali, con qualsiasi mezzo, relative ad attivit\u00e0 e servizi della nostra azienda o gruppo commerciale che potrebbero essere di tuo interesse. Potrai opporti a questo tipo di comunicazioni in qualsiasi momento, inviando un&#8217;e-mail a<br \/>all&#8217;indirizzo reservas@barcosenmenorca.com e indicando nell&#8217;oggetto &#8221;DISISCRIVITI DALLA LISTA DI DISTRIBUZIONE&#8221;.<br \/>Potrai inoltre esercitare i tuoi diritti di accesso, rettifica, soppressione, opposizione, portabilit\u00e0 e limitazione, inviando un documento scritto accompagnato da una fotocopia della tua carta d&#8217;identit\u00e0 o da un documento comprovante la tua identit\u00e0.N.I. o di un documento di riconoscimento equivalente al seguente indirizzo: C\/ MOLL DE LLEVANT, 96 &#8211; 07701 MAH\u00d3N o inviandolo via e-mail all&#8217;indirizzo dpdmenorcamar@gmail.com indicando nell&#8217;oggetto &#8221;DATA PROTECTION&#8221;. <\/p>\n<h2>POLITICA<\/h2>\n<p>MENORCAMAR &amp; CHARTER \u00e8 particolarmente sensibile alla protezione dei dati degli utenti dei servizi che accedono al sito web. Attraverso la presente Informativa sulla Privacy, gli utenti di barcosenmenorca.com sono informati del trattamento e degli usi a cui sono sottoposti i dati personali raccolti sul sito web attraverso le informazioni aggiuntive, in modo da poter decidere, liberamente e volontariamente, se fornire le informazioni richieste. <\/p>\n<h2>MISURE DI SICUREZZA<\/h2>\n<p>Infine, si informa che MENORCAMAR &amp; CHARTER ha adottato le opportune misure tecniche e organizzative nel sistema informatico al fine di garantire la sicurezza e la riservatezza dei dati memorizzati, evitandone l&#8217;alterazione, la perdita, il trattamento non autorizzato o l&#8217;accesso; tenendo conto dello stato dell&#8217;arte, dei costi di applicazione e della natura, dell&#8217;ambito, del contesto e delle finalit\u00e0 del trattamento, nonch\u00e9 dei rischi di probabilit\u00e0 e gravit\u00e0 variabile associati a ciascuno dei<br \/>trattamenti.<\/p>\n<h2>DIRITTI DEGLI UTENTI<\/h2>\n<p>L&#8217;interessato pu\u00f2 esercitare i diritti che gli spettano, ai sensi del Regolamento generale sulla protezione dei dati e della Legge organica 3\/2018 sulla protezione dei dati personali e la garanzia dei diritti digitali, che sono i seguenti:<br \/>A.- Il diritto di accesso pu\u00f2 essere esercitato su base annuale, salvo il caso di accreditato interesse legittimo. Nell&#8217;esercizio di tale diritto, l&#8217;interessato pu\u00f2 optare per i seguenti sistemi di consultazione dei file:<br \/>&#8211; Invia un&#8217;email a: dpdmenorcamar@gmail.com<br \/>&#8211; Comunicazione scritta indirizzata a: MENORCAMAR &amp; CHARTER, C\/ MOLL DE LLEVANT, 96 &#8211; 07701 MAH\u00d3N<br \/>MENORCAMAR &amp; CHARTER, proceder\u00e0 a notificare la propria decisione entro un mese. In caso di decisione affermativa, l&#8217;interessato potr\u00e0 accedere alle suddette informazioni entro 10 giorni dalla notifica. <br \/>B.- I diritti di rettifica e cancellazione possono essere esercitati, in conformit\u00e0 alle seguenti disposizioni, ogniqualvolta l&#8217;interessato ritenga che i dati raccolti nel nostro trattamento siano inesatti, incompleti, inadeguati o eccessivi. In questo caso, possono essere esercitati con uno dei mezzi sopra indicati<br \/>.<br \/>MENORCAMAR &amp; CHARTER, proceder\u00e0 alla rettifica o alla soppressione entro 10 giorni dal ricevimento della richiesta.<br \/>C.- Il diritto di opposizione pu\u00f2 essere esercitato, in conformit\u00e0 alle seguenti disposizioni, ogniqualvolta l&#8217;interessato desideri opporsi al trattamento dei propri dati personali, sia che i dati siano trattati legittimamente per interesse legittimo sia che il consenso riguardi finalit\u00e0 pubblicitarie.<br \/>D.- Il diritto di portabilit\u00e0 pu\u00f2 essere esercitato, in conformit\u00e0 alle seguenti disposizioni, ogni qualvolta l&#8217;interessato ritenga che i dati raccolti nell&#8217;ambito del nostro trattamento debbano essere restituiti al titolare dei dati o, a seconda dei casi, a un soggetto terzo (Responsabile del trattamento).<br \/>E. &#8211; Il diritto di limitare il trattamento pu\u00f2 essere esercitato, prima del diritto di opporsi al trattamento dei tuoi dati, e che mentre il diritto di opposizione non \u00e8 risolto, il trattamento dei dati \u00e8 limitato.<\/p>\n<h2>MODIFICA DEI REGOLAMENTI<\/h2>\n<p>MENORCAMAR &amp; CHARTER, si riserva il diritto di modificare la presente politica al fine di adattarla a nuove leggi o giurisprudenze. Tali modifiche saranno comunicate con il necessario preavviso sulla nostra pagina web, senza che ci\u00f2 pregiudichi la possibilit\u00e0 di richiedere il necessario consenso degli interessati qualora questo non sia considerato concesso in conformit\u00e0 con i termini della presente informativa.<br \/>Per qualsiasi dubbio, domanda o commento che tu possa avere in riferimento alla presente normativa, non esitare a consultarci inviando la tua comunicazione a: reservas@barcosenmenorca.com <\/p>\n\t\t<\/div>\n\t\t\t\t\t<\/div>\n\n\t\n\n\t<div id=\"col-193470990\" class=\"col show-for-medium hide-for-small small-12 large-12\"  >\n\t\t\t\t<div class=\"col-inner\"  >\n\t\t\t\n\t\t\t\n<h4 class=\"uppercase\" style=\"text-align: left;\"><strong>CONDIZIONI GENERALI DI UTILIZZO DEL SITO WEB<\/strong> <strong>BARCOSENMENORCA.com<\/strong><\/h4>\n<p>Menorca Mar Charter SL (di seguito IL PROPRIETARIO) con indirizzo per le notifiche in C\/Gerifalte 122 Cp 28232 Las Rozas de Madrid con CIF B87580833 mette a disposizione sul proprio sito web barcosenmenorca.com alcuni contenuti di carattere informativo sulle proprie attivit\u00e0.<\/p>\n<p>Le presenti condizioni generali regolano solo ed esclusivamente l&#8217;utilizzo del sito web del PROPRIETARIO da parte degli UTENTI che vi accedono.<\/p>\n<p>Le presenti condizioni generali vengono visualizzate all&#8217;UTENTE sul sito web solivent.es in ogni singola pagina, in modo che l&#8217;UTENTE possa leggerle, stamparle, archiviarle e accettarle via Internet ed essere pienamente informato.<\/p>\n<p>L&#8217;accesso al sito web del PROPRIETARIO implica l&#8217;accettazione senza riserve delle presenti condizioni generali di utilizzo, che l&#8217;UTENTE dichiara di comprendere appieno.<\/p>\n<p>L&#8217;UTENTE si impegna a non utilizzare il sito e i servizi offerti per svolgere attivit\u00e0 contrarie alla legge e a rispettare in ogni momento le presenti condizioni generali.<\/p>\n<p><strong>PRIMO. &#8211; CONDIZIONI DI ACCESSO E DI UTILIZZO.<\/strong><\/p>\n<p>1.1.- L&#8217;utilizzo del sito web del PROPRIETARIO non richiede la registrazione dell&#8217;UTENTE. Le condizioni di accesso e di utilizzo di questo sito web sono rigorosamente disciplinate dalla normativa vigente e dal principio di buona fede e l&#8217;UTENTE si impegna a fare buon uso del sito. Sono vietate tutte le azioni che violano la legalit\u00e0, i diritti o gli interessi di terzi: diritto alla privacy, protezione dei dati, propriet\u00e0 intellettuale, ecc. Il PROPRIETARIO vieta espressamente quanto segue:<\/p>\n<p>1.1.1.1.- Eseguire azioni che possano causare qualsiasi tipo di danno ai sistemi del PROPRIETARIO o di terzi sul sito web o attraverso lo stesso con qualsiasi mezzo.<\/p>\n<p>1.1.2.- Effettuare senza la dovuta autorizzazione qualsiasi tipo di pubblicit\u00e0 o informazione commerciale diretta o occulta, l&#8217;invio di mailing di massa (&#8221;spamming&#8221;) o l&#8217;invio di messaggi di grandi dimensioni con lo scopo di bloccare i server di rete (&#8221;mail bombing&#8221;).<\/p>\n<p>1.2.- IL PROPRIETARIO pu\u00f2 interrompere l&#8217;accesso al suo sito web in qualsiasi momento se rileva un utilizzo contrario alla legge, alla buona fede o alle presenti condizioni generali &#8211; vedi clausola cinque. CONDIZIONI GENERALI DI UTILIZZO DEL SITO WEB barcosenmenorca.com<\/p>\n<p><strong>SECONDO. &#8211; CONTENUTI.<\/strong><\/p>\n<p>I contenuti incorporati in questo sito web sono stati elaborati e inseriti da:<\/p>\n<p>2.1.- Il PROPRIETARIO utilizza fonti interne ed esterne in modo tale che il PROPRIETARIO sia responsabile solo dei contenuti elaborati internamente.<\/p>\n<p>2.2.- IL PROPRIETARIO si riserva il diritto di modificare in qualsiasi momento i contenuti esistenti del proprio sito web. IL PROPRIETARIO non garantisce e non \u00e8 responsabile del corretto funzionamento dei link a siti web di terzi che compaiono su solivent.es. Inoltre, attraverso il sito web del PROPRIETARIO, vengono messi a disposizione dell&#8217;utente servizi gratuiti e a pagamento offerti da terzi, che sono regolati dalle condizioni specifiche di ciascuno di essi. IL PROPRIETARIO non garantisce la veridicit\u00e0, l&#8217;accuratezza o la tempestivit\u00e0 dei contenuti e dei servizi offerti da terzi ed \u00e8 espressamente esonerato da qualsiasi responsabilit\u00e0 per i danni che possono derivare dalla mancanza di accuratezza di tali contenuti e servizi.<\/p>\n<p><strong>TERZO. &#8211; RESPONSABILIT\u00c0.<\/strong><\/p>\n<p>3.1.- Il PROPRIETARIO non sar\u00e0 in alcun caso responsabile per:<\/p>\n<p>3.1.1.1.- I guasti e gli incidenti che possono verificarsi nelle comunicazioni, la cancellazione o le trasmissioni incomplete, per cui non si garantisce che i servizi del sito web siano costantemente operativi.<\/p>\n<p>3.1.2.- Per la produzione di qualsiasi tipo di danno che gli UTENTI o terzi possono causare al sito web.<\/p>\n<p>3.1.3.- Per l&#8217;affidabilit\u00e0 e la veridicit\u00e0 delle informazioni introdotte da terzi sul sito web, direttamente o tramite link. Allo stesso modo, Menorca Mar Charter SL collaborer\u00e0 con l&#8217;autorit\u00e0 competente e la informer\u00e0 di questi incidenti non appena avr\u00e0 conoscenza certa che il danno causato costituisce un tipo di attivit\u00e0 illegale.<\/p>\n<p>3.2.- IL PROPRIETARIO si riserva il diritto di sospendere l&#8217;accesso senza preavviso, a sua discrezione e in via definitiva o temporanea, fino a quando non sar\u00e0 assicurata l&#8217;effettiva responsabilit\u00e0 per i danni che potrebbero verificarsi. Allo stesso modo, IL PROPRIETARIO dovr\u00e0 collaborare e notificare all&#8217;autorit\u00e0 competente questi incidenti non appena avr\u00e0 conoscenza certa che il danno causato costituisce un qualsiasi tipo di attivit\u00e0 illegale.<\/p>\n<p><strong>QUARTO. &#8211; COPYRIGHT E MARCHIO DI FABBRICA.<\/strong><\/p>\n<p>Menorca Mar Charter SL \u00e8 un marchio registrato. \u00c8 vietato l&#8217;uso del marchio Menorca Mar Charter, che comprende sia il nome che il logo, da parte di chiunque altro, con qualsiasi mezzo, se non con il consenso esplicito del proprietario. Tutti i diritti riservati. Inoltre, il sito web di Menorca Mar Charter &#8211; i contenuti, la programmazione e il design del sito &#8211; \u00e8 interamente protetto dal diritto d&#8217;autore, e qualsiasi riproduzione, comunicazione, distribuzione e trasformazione dei suddetti elementi protetti \u00e8 espressamente vietata senza l&#8217;espresso consenso del PROPRIETARIO.<\/p>\n<p><strong>QUINTO. &#8211; GIURISDIZIONE E LEGGE APPLICABILE.<\/strong><\/p>\n<p>Le presenti condizioni generali sono regolate dalla legge spagnola. I tribunali di Madrid sono competenti per risolvere qualsiasi controversia o conflitto derivante dalle presenti condizioni generali, e l&#8217;UTENTE rinuncia espressamente a qualsiasi altra giurisdizione che possa corrispondergli.<\/p>\n<p><strong>SESTO.  <\/strong><\/p>\n<p>Nel caso in cui una qualsiasi disposizione del presente documento venga dichiarata non valida, le restanti disposizioni rimarranno in vigore e saranno interpretate tenendo conto della volont\u00e0 delle parti e dello scopo dei presenti termini e condizioni. CONDIZIONI GENERALI DI UTILIZZO DEL SITO WEB barcosenmenorca.com IL PROPRIETARIO pu\u00f2 non esercitare nessuno dei diritti e dei poteri conferiti nel presente documento, il che non implica in nessun caso la rinuncia agli stessi, a meno che non sia espressamente riconosciuto dal PROPRIETARIO. Ai sensi della Legge Organica 15\/1999, del 13 dicembre, sulla Protezione dei Dati Personali, si informa e si d\u00e0 il consenso affinch\u00e9 i dati forniti a questo sito web siano conservati e trattati in un archivio di propriet\u00e0 di Menorca Mar Charter SL.<\/p>\n<p>I dati personali forniti possono essere utilizzati solo per il rapporto tra la nostra azienda e l&#8217;utente di questo sito web, non trasmettiamo i dati a terzi per scopi pubblicitari.<\/p>\n<p>\u00c8 possibile esercitare i diritti di accesso, rettifica, cancellazione e opposizione dei dati forniti nei termini stabiliti dalla normativa vigente.<\/p>\n\t\t<\/div>\n\t\t\t\t\t<\/div>\n\n\t\n\n\t<div id=\"col-554599095\" class=\"col show-for-small small-12 large-12\"  >\n\t\t\t\t<div class=\"col-inner\"  >\n\t\t\t\n\t\t\t\n<h5><span style=\"color: #282828;\"><strong>CONDIZIONI GENERALI DI UTILIZZO DEL SITO WEB BARCOSENMENORCA.COM<\/strong><\/span><\/h5>\n<p style=\"text-align: left;\">Menorca Mar Charter SL (di seguito IL PROPRIETARIO) con indirizzo per le notifiche in C\/Gerifalte 122 Cp 28232 Las Rozas de Madrid con CIF B87580833 mette a disposizione sul proprio sito web barcosenmenorca.com alcuni contenuti di carattere informativo sulle proprie attivit\u00e0.<\/p>\n<p style=\"text-align: left;\">Le presenti condizioni generali regolano solo ed esclusivamente l&#8217;utilizzo del sito web del PROPRIETARIO da parte degli UTENTI che vi accedono.<\/p>\n<p style=\"text-align: left;\">Le presenti condizioni generali vengono visualizzate all&#8217;UTENTE sul sito web solivent.es in ogni singola pagina, in modo che l&#8217;UTENTE possa leggerle, stamparle, archiviarle e accettarle via Internet ed essere pienamente informato.<\/p>\n<p style=\"text-align: left;\">L&#8217;accesso al sito web del PROPRIETARIO implica l&#8217;accettazione senza riserve delle presenti condizioni generali di utilizzo, che l&#8217;UTENTE dichiara di comprendere appieno.<\/p>\n<p style=\"text-align: left;\">L&#8217;UTENTE si impegna a non utilizzare il sito e i servizi offerti per svolgere attivit\u00e0 contrarie alla legge e a rispettare in ogni momento le presenti condizioni generali.<\/p>\n<p style=\"text-align: left;\"><strong>PRIMO. &#8211; CONDIZIONI DI ACCESSO E DI UTILIZZO.<\/strong><\/p>\n<p style=\"text-align: left;\">1.1.- L&#8217;utilizzo del sito web del PROPRIETARIO non richiede la registrazione dell&#8217;UTENTE. Le condizioni di accesso e di utilizzo di questo sito web sono rigorosamente disciplinate dalla normativa vigente e dal principio di buona fede e l&#8217;UTENTE si impegna a fare buon uso del sito. Sono vietate tutte le azioni che violano la legalit\u00e0, i diritti o gli interessi di terzi: diritto alla privacy, protezione dei dati, propriet\u00e0 intellettuale, ecc. Il PROPRIETARIO vieta espressamente quanto segue:<\/p>\n<p style=\"text-align: left;\">1.1.1.1.- Eseguire azioni che possano causare qualsiasi tipo di danno ai sistemi del PROPRIETARIO o di terzi sul sito web o attraverso lo stesso con qualsiasi mezzo.<\/p>\n<p style=\"text-align: left;\">1.1.2.- Effettuare senza la dovuta autorizzazione qualsiasi tipo di pubblicit\u00e0 o informazione commerciale diretta o occulta, l&#8217;invio di mailing di massa (&#8221;spamming&#8221;) o l&#8217;invio di messaggi di grandi dimensioni con lo scopo di bloccare i server di rete (&#8221;mail bombing&#8221;).<\/p>\n<p style=\"text-align: left;\">1.2.- IL PROPRIETARIO pu\u00f2 interrompere l&#8217;accesso al suo sito web in qualsiasi momento se rileva un utilizzo contrario alla legge, alla buona fede o alle presenti condizioni generali &#8211; vedi clausola cinque. CONDIZIONI GENERALI DI UTILIZZO DEL SITO WEB barcosenmenorca.com<\/p>\n<p style=\"text-align: left;\"><strong>SECONDO. &#8211; CONTENUTI.<\/strong><\/p>\n<p style=\"text-align: left;\">I contenuti incorporati in questo sito web sono stati elaborati e inseriti da:<\/p>\n<p style=\"text-align: left;\">2.1.- Il PROPRIETARIO utilizza fonti interne ed esterne in modo tale che il PROPRIETARIO sia responsabile solo dei contenuti elaborati internamente.<\/p>\n<p style=\"text-align: left;\">2.2.- IL PROPRIETARIO si riserva il diritto di modificare in qualsiasi momento i contenuti esistenti del proprio sito web. IL PROPRIETARIO non garantisce e non \u00e8 responsabile del corretto funzionamento dei link a siti web di terzi che compaiono su solivent.es. Inoltre, attraverso il sito web del PROPRIETARIO, vengono messi a disposizione dell&#8217;utente servizi gratuiti e a pagamento offerti da terzi, che sono regolati dalle condizioni specifiche di ciascuno di essi. IL PROPRIETARIO non garantisce la veridicit\u00e0, l&#8217;accuratezza o la tempestivit\u00e0 dei contenuti e dei servizi offerti da terzi ed \u00e8 espressamente esonerato da qualsiasi responsabilit\u00e0 per i danni che possono derivare dalla mancanza di accuratezza di tali contenuti e servizi.<\/p>\n<p style=\"text-align: left;\"><strong>TERZO. &#8211; RESPONSABILIT\u00c0.<\/strong><\/p>\n<p style=\"text-align: left;\">3.1.- Il PROPRIETARIO non sar\u00e0 in alcun caso responsabile per:<\/p>\n<p style=\"text-align: left;\">3.1.1.1.- I guasti e gli incidenti che possono verificarsi nelle comunicazioni, la cancellazione o le trasmissioni incomplete, per cui non si garantisce che i servizi del sito web siano costantemente operativi.<\/p>\n<p style=\"text-align: left;\">3.1.2.- Per la produzione di qualsiasi tipo di danno che gli UTENTI o terzi possono causare al sito web.<\/p>\n<p style=\"text-align: left;\">3.1.3.- Per l&#8217;affidabilit\u00e0 e la veridicit\u00e0 delle informazioni introdotte da terzi sul sito web, direttamente o tramite link. Allo stesso modo, Menorca Mar Charter SL collaborer\u00e0 con l&#8217;autorit\u00e0 competente e la informer\u00e0 di questi incidenti non appena avr\u00e0 conoscenza certa che il danno causato costituisce un tipo di attivit\u00e0 illegale.<\/p>\n<p style=\"text-align: left;\">3.2.- IL PROPRIETARIO si riserva il diritto di sospendere l&#8217;accesso senza preavviso, a sua discrezione e in via definitiva o temporanea, fino a quando non sar\u00e0 assicurata l&#8217;effettiva responsabilit\u00e0 per i danni che potrebbero verificarsi. Allo stesso modo, IL PROPRIETARIO dovr\u00e0 collaborare e notificare all&#8217;autorit\u00e0 competente questi incidenti non appena avr\u00e0 conoscenza certa che il danno causato costituisce un qualsiasi tipo di attivit\u00e0 illegale.<\/p>\n<p style=\"text-align: left;\"><strong>QUARTO. &#8211; COPYRIGHT E MARCHIO DI FABBRICA.<\/strong><\/p>\n<p style=\"text-align: left;\">Menorca Mar Charter SL \u00e8 un marchio registrato. \u00c8 vietato l&#8217;uso del marchio Menorca Mar Charter, che comprende sia il nome che il logo, da parte di chiunque altro, con qualsiasi mezzo, se non con il consenso esplicito del proprietario. Tutti i diritti riservati. Inoltre, il sito web di Menorca Mar Charter &#8211; i contenuti, la programmazione e il design del sito &#8211; \u00e8 interamente protetto dal diritto d&#8217;autore, e qualsiasi riproduzione, comunicazione, distribuzione e trasformazione dei suddetti elementi protetti \u00e8 espressamente vietata senza l&#8217;espresso consenso del PROPRIETARIO.<\/p>\n<p style=\"text-align: left;\"><strong>QUINTO. &#8211; GIURISDIZIONE E LEGGE APPLICABILE.<\/strong><\/p>\n<p style=\"text-align: left;\">Le presenti condizioni generali sono regolate dalla legge spagnola. I tribunali di Madrid sono competenti per risolvere qualsiasi controversia o conflitto derivante dalle presenti condizioni generali, e l&#8217;UTENTE rinuncia espressamente a qualsiasi altra giurisdizione che possa corrispondergli.<\/p>\n<p style=\"text-align: left;\"><strong>SESTO.  <\/strong><\/p>\n<p style=\"text-align: left;\">Nel caso in cui una qualsiasi disposizione del presente documento venga dichiarata non valida, le restanti disposizioni rimarranno in vigore e saranno interpretate tenendo conto della volont\u00e0 delle parti e dello scopo dei presenti termini e condizioni. CONDIZIONI GENERALI DI UTILIZZO DEL SITO WEB barcosenmenorca.com IL PROPRIETARIO pu\u00f2 non esercitare nessuno dei diritti e dei poteri conferiti nel presente documento, il che non implica in nessun caso la rinuncia agli stessi, a meno che non sia espressamente riconosciuto dal PROPRIETARIO. Ai sensi della Legge Organica 15\/1999, del 13 dicembre, sulla Protezione dei Dati Personali, si informa e si d\u00e0 il consenso affinch\u00e9 i dati forniti a questo sito web siano conservati e trattati in un archivio di propriet\u00e0 di Menorca Mar Charter SL.<\/p>\n<p style=\"text-align: left;\">I dati personali forniti possono essere utilizzati solo per il rapporto tra la nostra azienda e l&#8217;utente di questo sito web, non trasmettiamo i dati a terzi per scopi pubblicitari.<\/p>\n<p style=\"text-align: left;\">\u00c8 possibile esercitare i diritti di accesso, rettifica, cancellazione e opposizione dei dati forniti nei termini stabiliti dalla normativa vigente.<\/p>\n\t\t<\/div>\n\t\t\t\t\t<\/div>\n\n\t\n<\/div>\n","protected":false},"excerpt":{"rendered":"","protected":false},"author":1,"featured_media":0,"parent":0,"menu_order":0,"comment_status":"closed","ping_status":"closed","template":"page-transparent-header-light.php","meta":{"_acf_changed":false,"footnotes":""},"class_list":["post-20552","page","type-page","status-publish","hentry"],"acf":[],"_links":{"self":[{"href":"https:\/\/barcosenmenorca.com\/it\/wp-json\/wp\/v2\/pages\/20552","targetHints":{"allow":["GET"]}}],"collection":[{"href":"https:\/\/barcosenmenorca.com\/it\/wp-json\/wp\/v2\/pages"}],"about":[{"href":"https:\/\/barcosenmenorca.com\/it\/wp-json\/wp\/v2\/types\/page"}],"author":[{"embeddable":true,"href":"https:\/\/barcosenmenorca.com\/it\/wp-json\/wp\/v2\/users\/1"}],"replies":[{"embeddable":true,"href":"https:\/\/barcosenmenorca.com\/it\/wp-json\/wp\/v2\/comments?post=20552"}],"version-history":[{"count":7,"href":"https:\/\/barcosenmenorca.com\/it\/wp-json\/wp\/v2\/pages\/20552\/revisions"}],"predecessor-version":[{"id":26153,"href":"https:\/\/barcosenmenorca.com\/it\/wp-json\/wp\/v2\/pages\/20552\/revisions\/26153"}],"wp:attachment":[{"href":"https:\/\/barcosenmenorca.com\/it\/wp-json\/wp\/v2\/media?parent=20552"}],"curies":[{"name":"wp","href":"https:\/\/api.w.org\/{rel}","templated":true}]}}