{"id":20595,"date":"2022-08-01T10:56:15","date_gmt":"2022-08-01T08:56:15","guid":{"rendered":"https:\/\/reservas2026.barcosenmenorca.com\/avviso-legale\/"},"modified":"2026-03-19T01:08:48","modified_gmt":"2026-03-18T23:08:48","slug":"avviso-legale","status":"publish","type":"page","link":"https:\/\/barcosenmenorca.com\/it\/avviso-legale\/","title":{"rendered":"Avviso legale"},"content":{"rendered":"\n  <div class=\"banner has-hover bg-blur\" id=\"banner-1767540807\">\n          <div class=\"banner-inner fill\">\n        <div class=\"banner-bg fill\" >\n            <img decoding=\"async\" width=\"660\" height=\"433\" src=\"https:\/\/barcosenmenorca.com\/wp-content\/uploads\/2022\/08\/aviso-legal-1.jpg\" class=\"bg attachment-original size-original\" alt=\"\" \/>                                    \n                    <\/div>\n\t\t\n        <div class=\"banner-layers container\">\n            <div class=\"fill banner-link\"><\/div>            \n   <div id=\"text-box-1021395012\" class=\"text-box banner-layer x50 md-x50 lg-x50 y50 md-y50 lg-y50 res-text\">\n                     <div data-animate=\"fadeInLeft\">           <div class=\"text-box-content text dark text-shadow-4\">\n              \n              <div class=\"text-inner text-center\">\n                  \n<h3 class=\"uppercase\"><strong>avviso legale  <\/strong><\/h3>\n              <\/div>\n           <\/div>\n       <\/div>                     \n<style>\n#text-box-1021395012 {\n  width: 90%;\n}\n#text-box-1021395012 .text-box-content {\n  font-size: 91%;\n}\n@media (min-width:550px) {\n  #text-box-1021395012 {\n    width: 60%;\n  }\n  #text-box-1021395012 .text-box-content {\n    font-size: 100%;\n  }\n}\n<\/style>\n    <\/div>\n \n        <\/div>\n      <\/div>\n\n            \n<style>\n#banner-1767540807 {\n  padding-top: 135%;\n  background-color: rgba(4, 0, 0, 0.13);\n}\n#banner-1767540807 .banner-bg img {\n  object-position: 34% 90%;\n}\n@media (min-width:550px) {\n  #banner-1767540807 {\n    padding-top: 80%;\n  }\n}\n@media (min-width:850px) {\n  #banner-1767540807 {\n    padding-top: 27%;\n  }\n}\n<\/style>\n  <\/div>\n\n\n<div class=\"row row-large\"  id=\"row-1356179114\">\n\n\t<div id=\"col-1514680671\" class=\"col small-12 large-12\"  >\n\t\t\t\t<div class=\"col-inner\"  >\n\t\t\t\n\t\t\t\n<div class=\"uk-margin-medium\">\n<h2>DATI DI IDENTIFICAZIONE DEL FORNITORE DI SERVIZI DELLA SOCIET\u00c0 DELL&#8217;INFORMAZIONE<\/h2>\n<p>Ai sensi dell&#8217;articolo 10 della Legge 34\/2002, dell&#8217;11 luglio, sui &#8221;Servizi della Societ\u00e0 dell&#8217;Informazione e del Commercio Elettronico (LSSI)&#8221;, ti informiamo delle seguenti informazioni:<br \/>MENORCAMAR &amp; CHARTER, S.L., [di seguito MENORCAMAR &amp; CHARTER], \u00e8 il proprietario del portale web barcosenmenorca.com, che agisce esclusivamente come operatore e gestore dei contenuti del portale web, domiciliato in: C\/ MOLL DE LLEVANT, 96 &#8211; 07701 MAH\u00d3N, NIF B87580833, iscritta al Registro Mercantile di Minorca Volume 34816, Folio 92, Pagina M626241, 1a Iscrizione, \u00e8 responsabile dello sfruttamento, della gestione e del funzionamento del suddetto portale web. Se desideri contattarci, puoi farlo per posta all&#8217;indirizzo indicato nel paragrafo precedente o per e-mail all&#8217;indirizzo direccion@menorcamar.com.<\/p>\n<h2>INTRODUZIONE<\/h2>\n<p>Il presente avviso legale regola l&#8217;utilizzo di questo sito web. L&#8217;accesso al sito web \u00e8 gratuito, ad eccezione dei costi di connessione attraverso la rete di telecomunicazioni fornita dal fornitore di accesso contrattato dagli utenti. <\/p>\n<h2>ACCETTAZIONE<\/h2>\n<p>L&#8217;utilizzo del portale web conferisce la condizione di utente e implica l&#8217;accettazione totale e senza riserve di tutte le disposizioni incluse nel presente Avviso Legale, nella versione pubblicata per MENORCAMAR &amp; CHARTER nel momento in cui l&#8217;utente accede al sito web. Di conseguenza, l&#8217;utente deve leggere attentamente il presente Avviso Legale ogni volta che intende utilizzare il sito web, poich\u00e9 potrebbe subire delle modifiche. <\/p>\n<h2>INFORMAZIONI SUI LINK<\/h2>\n<p>MENORCAMAR &amp; CHARTER non \u00e8 responsabile dei siti web non appartenenti a MENORCAMAR &amp; CHARTER o a terzi, ai quali \u00e8 possibile accedere tramite link o qualsiasi contenuto reso disponibile da terzi. L&#8217;uso di un link o l&#8217;accesso a un sito web che non \u00e8 di nostra propriet\u00e0 avviene a rischio esclusivo dell&#8217;utente, MENORCAMAR &amp; CHARTER non raccomanda n\u00e9 garantisce alcuna informazione ottenuta attraverso un link esterno al sito web di barcosenmenorca.com, n\u00e9 \u00e8 responsabile per qualsiasi perdita, reclamo o danno derivante dall&#8217;uso o dall&#8217;abuso di un link, o delle informazioni ottenute attraverso di esso, compresi altri link o siti web, interruzione del servizio o dell&#8217;accesso, o l&#8217;uso o l&#8217;abuso di un link, sia quando ci si collega al portale web barcosenmenorca.com sia per accedere alle informazioni di altri siti web dallo stesso portale web. <\/p>\n<h2>RINUNCIA E LIMITAZIONE DI RESPONSABILIT\u00c0<\/h2>\n<p>Le informazioni e i servizi inclusi o disponibili attraverso le pagine web possono contenere imprecisioni o errori tipografici. Le informazioni contenute vengono periodicamente modificate.<br \/>MENORCAMAR &amp; CHARTER pu\u00f2 introdurre miglioramenti e\/o cambiamenti nei servizi o nei contenuti in qualsiasi momento.<br \/>Ti avvisiamo inoltre che i contenuti di questo sito web sono a scopo informativo sui servizi e sulle tariffe offerte, in conformit\u00e0 con le disposizioni del presente avviso legale e del resto dei testi legali di questo portale. <\/p>\n<h2>INFORMAZIONI SULL&#8217;ESCLUSIONE DI RESPONSABILIT\u00c0 PER GUASTI TECNICI E DI CONTENUTO<\/h2>\n<p>MENORCAMAR &amp; CHARTER declina ogni responsabilit\u00e0 in caso di interruzioni o malfunzionamenti dei servizi o dei contenuti offerti su Internet, qualunque ne sia la causa.<br \/>Allo stesso modo, MENORCAMAR &amp; CHARTER non potr\u00e0 essere ritenuta responsabile per guasti alla rete, perdita di attivit\u00e0 in conseguenza di tali guasti, sospensioni temporanee della fornitura di energia elettrica o di qualsiasi altro tipo.<br \/>MENORCAMAR &amp; CHARTER non garantisce che i servizi o i contenuti non subiscano interruzioni o siano privi di errori, che i difetti vengano corretti o che il servizio o il server che lo rende disponibile siano privi di virus o di altri componenti dannosi, fermo restando che MENORCAMAR &amp; CHARTER fa del suo meglio per evitare questo tipo di incidenti. Nel caso in cui l&#8217;utente prenda determinate decisioni o esegua determinate azioni sulla base delle informazioni contenute in uno dei siti web, si raccomanda di verificare le informazioni ricevute con altre fonti. <\/p>\n<h2>PROPRIET\u00c0 INTELLETTUALE E INDUSTRIALE, MARCHI DI FABBRICA<\/h2>\n<p>La struttura, il design e la forma di presentazione degli elementi (grafici, immagini, file, loghi, combinazioni di colori e qualsiasi elemento suscettibile di protezione) sono protetti da diritti di propriet\u00e0 intellettuale, di cui \u00e8 titolare MENORCAMAR &amp; CHARTER.<br \/>\u00c8 vietata la riproduzione, la trasformazione, la distribuzione, la comunicazione pubblica e, in generale, qualsiasi altra forma di sfruttamento, parziale o totale, degli elementi di cui alla sezione precedente. Questi atti di sfruttamento possono essere effettuati solo con l&#8217;espressa autorizzazione di MENORCAMAR &amp; CHARTER che, in ogni caso, dovr\u00e0 fare esplicito riferimento alla titolarit\u00e0 dei diritti di propriet\u00e0 intellettuale menzionati di MENORCAMAR &amp; CHARTER.<br \/>\u00c8 autorizzato solo l&#8217;uso privato del materiale documentario elaborato per MENORCAMAR &amp; CHARTER. In nessun caso \u00e8 possibile rimuovere, alterare, eludere o manipolare qualsiasi dispositivo di protezione o sistema di sicurezza eventualmente installato. Se non espressamente autorizzati da MENORCAMAR &amp; CHARTER, non sono consentiti link a &#8221;pagine finali&#8221;, &#8221;frame&#8221; e qualsiasi altra manipolazione simile. I link devono sempre trovarsi sulla pagina principale o &#8221;home page&#8221; di barcosenmenorca.com.<br \/>I segni distintivi (marchi, nomi commerciali) di MENORCAMAR &amp; CHARTER sono protetti da diritti di propriet\u00e0 industriale e l&#8217;uso o la manipolazione di uno di questi \u00e8 vietato, salvo espressa autorizzazione scritta di MENORCAMAR &amp; CHARTER.    <\/p>\n<p><h2>ACQUISTI ONLINE SICURI<\/h2>\n<p>La sicurezza \u00e8 una priorit\u00e0 per MENORCAMAR &amp; CHARTER e ci impegniamo al massimo per garantire la sicurezza delle nostre transazioni e la protezione dei tuoi dati personali.<\/p>\n<h2>NON CONDIVIDERE LE TUE INFORMAZIONI PERSONALI<\/h2>\n<p>MENORCAMAR &amp; CHARTER non ti invier\u00e0 mai un&#8217;e-mail o ti telefoner\u00e0 per chiederti di rivelare o verificare la password del tuo account, i numeri del tuo conto corrente o della tua carta di credito o qualsiasi altro tipo di informazione personale. Nel caso in cui qualcuno ti contatti o tu riceva un&#8217;e-mail non richiesta che ti chiede una qualsiasi delle informazioni di cui sopra, non rispondere e informa immediatamente MENORCAMAR &amp; CHARTER, in modo che possa procedere con le indagini sull&#8217;incidente. <\/p>\n<h2>IDENTIFICA LE EMAIL FRAUDOLENTE (tentativi di spoofing o phishing).<\/h2>\n<p>Ignora qualsiasi e-mail ricevuta che ti chieda informazioni personali o che ti reindirizzi a un&#8217;altra pagina web non di propriet\u00e0 di MENORCAMAR &amp; CHARTER, o di societ\u00e0 del gruppo, o che ti chieda di pagare con un mezzo diverso da quello autorizzato da MENORCAMAR &amp; CHARTER, in quanto potrebbe trattarsi di un tentativo di &#8221;spoofing&#8221; o &#8221;phishing&#8221; e dovrai considerarlo fraudolento.<br \/>MENORCAMAR &amp; CHARTER utilizza il dominio &#8221;barcosenmenorca.com&#8221; per le sue e-mail.<br \/>Se ricevi un&#8217;email con un formato diverso, ad esempio: menorcamar.security@hotmail.com, puoi essere certo che si tratta di un&#8217;email falsa.<br \/>Alcune e-mail di phishing contengono link a siti web che utilizzano la parola &#8221;MENORCAMAR &amp; CHARTER&#8221; nell&#8217;URL, ma che ti indirizzano a un sito web completamente diverso. Se passi il mouse sul link, vedrai l&#8217;URL associato, che probabilmente avr\u00e0 un formato diverso da quello dei siti web autentici di MENORCAMAR &amp; CHARTER.<br \/>Se clicchi su un&#8217;e-mail di phishing e vieni reindirizzato a una pagina che assomiglia a &#8221;Al tuo account&#8221; o a una pagina che ti chiede di verificare o modificare i tuoi dati personali, ignorala e considerala fraudolenta. <\/p>\n<h2>SEGNALA I TENTATIVI DI PHISHING<\/h2>\n<p>Invia un&#8217;e-mail a reservas@barcosenmenorca.com e allega l&#8217;e-mail che ritieni falsa. Fornendo queste informazioni ci aiuterai a rintracciare la fonte.<br \/>Se non riesci ad allegare l&#8217;email falsa, ti preghiamo di inoltrarla a reservas@barcosenmenorca.com e di includere il maggior numero di informazioni possibili. <\/p>\n<h2>INFORMAZIONI PER L&#8217;ACQUIRENTE SULLA PIATTAFORMA DI RISOLUZIONE DELLE CONTROVERSIE DI @Ecommerce.<\/h2>\n<p>L&#8217;acquirente di prodotti su questo sito web \u00e8 informato dell&#8217;esistenza di una piattaforma per la risoluzione delle controversie online.<br \/>Ai sensi dell&#8217;articolo 14.1 del Regolamento (UE) 524\/2013:<br \/>La Commissione europea mette a disposizione una piattaforma per la risoluzione delle controversie online disponibile al seguente link: http:\/\/ec.europa.eu\/consumers\/odr\/.<br \/>I consumatori possono presentare i loro reclami tramite la piattaforma per la risoluzione delle controversie online.<\/p>\n<\/div>\n\t\t<\/div>\n\t\t\t\t\t<\/div>\n\n\t\n<\/div>\n","protected":false},"excerpt":{"rendered":"","protected":false},"author":2,"featured_media":0,"parent":0,"menu_order":0,"comment_status":"closed","ping_status":"closed","template":"","meta":{"_acf_changed":false,"footnotes":""},"class_list":["post-20595","page","type-page","status-publish","hentry"],"acf":[],"_links":{"self":[{"href":"https:\/\/barcosenmenorca.com\/it\/wp-json\/wp\/v2\/pages\/20595","targetHints":{"allow":["GET"]}}],"collection":[{"href":"https:\/\/barcosenmenorca.com\/it\/wp-json\/wp\/v2\/pages"}],"about":[{"href":"https:\/\/barcosenmenorca.com\/it\/wp-json\/wp\/v2\/types\/page"}],"author":[{"embeddable":true,"href":"https:\/\/barcosenmenorca.com\/it\/wp-json\/wp\/v2\/users\/2"}],"replies":[{"embeddable":true,"href":"https:\/\/barcosenmenorca.com\/it\/wp-json\/wp\/v2\/comments?post=20595"}],"version-history":[{"count":29,"href":"https:\/\/barcosenmenorca.com\/it\/wp-json\/wp\/v2\/pages\/20595\/revisions"}],"predecessor-version":[{"id":30383,"href":"https:\/\/barcosenmenorca.com\/it\/wp-json\/wp\/v2\/pages\/20595\/revisions\/30383"}],"wp:attachment":[{"href":"https:\/\/barcosenmenorca.com\/it\/wp-json\/wp\/v2\/media?parent=20595"}],"curies":[{"name":"wp","href":"https:\/\/api.w.org\/{rel}","templated":true}]}}